{"id":789,"date":"2020-09-23T21:45:50","date_gmt":"2020-09-23T19:45:50","guid":{"rendered":"https:\/\/splapszanka.lapszenizne.pl\/?page_id=789"},"modified":"2022-03-31T21:05:55","modified_gmt":"2022-03-31T19:05:55","slug":"deklaracja-dostepnosci","status":"publish","type":"page","link":"https:\/\/splapszanka.lapszenizne.pl\/index.php\/deklaracja-dostepnosci\/","title":{"rendered":"Deklaracja dost\u0119pno\u015bci"},"content":{"rendered":"<p>Szko\u0142a Podstawowa w \u0141apszance zobowi\u0105zuje si\u0119 zapewni\u0107 dost\u0119pno\u015b\u0107 swojej strony internetowej zgodnie z przepisami ustawy z dnia 4 kwietnia 2019 r. o dost\u0119pno\u015bci cyfrowej stron internetowych i aplikacji mobilnych podmiot\u00f3w publicznych. O\u015bwiadczenie w sprawie dost\u0119pno\u015bci ma zastosowanie do strony internetowej www.splapszanka.lapszenizne.pl<\/p>\n<ol start=\"2\">\n<li><strong> Data publikacji i aktualizacji<\/strong><\/li>\n<\/ol>\n<p>Data publikacji strony internetowej: 01.09.2017<\/p>\n<p>Data ostatniej istotnej aktualizacji: 31.03.2022<\/p>\n<ol start=\"3\">\n<li><strong> Dane kontaktowe<\/strong><\/li>\n<\/ol>\n<p>Osoba do kontaktu: Kristina Krzysik<\/p>\n<p>Email: splapszanka@lapszenizne.pl<\/p>\n<p>Telefon: <a role=\"link\" href=\"tel:182659950\">18 26 59 950<\/a><\/p>\n<ol start=\"4\">\n<li><strong> Status pod wzgl\u0119dem zgodno\u015bci z ustaw\u0105<\/strong><\/li>\n<\/ol>\n<p>Strona internetowa jest cz\u0119\u015bciowo zgodna z ustaw\u0105 z dnia 4 kwietnia 2019 r. o dost\u0119pno\u015bci cyfrowej stron internetowych i aplikacji mobilnych podmiot\u00f3w publicznych z powodu niezgodno\u015bci wymienionych poni\u017cej.<\/p>\n<ul>\n<li>Zamieszczone na stronie aktualno\u015bci w formie plik\u00f3w PDF mog\u0105 nie by\u0107 dost\u0119pne cyfrowo w ca\u0142o\u015bci gdy\u017c by\u0142y skanowane.<\/li>\n<li>Zamieszczone na stronie aktualno\u015bci w formie plik\u00f3w PDF mog\u0105 nie by\u0107 dost\u0119pne cyfrowo w ca\u0142o\u015bci gdy\u017c zosta\u0142y przes\u0142ane\u00a0przez podmiot zewn\u0119trzny.<\/li>\n<li>Opublikowane zdj\u0119cia nie posiada opisu alternatywnego, maj\u0105 one charakter promocyjny i nie s\u0105 wykorzystywane do realizacji bie\u017c\u0105cych zada\u0144.<\/li>\n<li>Elementy nietekstowe, umieszczone na stronie internetowej, takie jak: zdj\u0119cia, obrazki ozdobne, ikony, itp., nie posiadaj\u0105 szczeg\u00f3\u0142owego opisu.<\/li>\n<\/ul>\n<p><strong>5. Wy\u0142\u0105czenia<\/strong><strong>:<\/strong><\/p>\n<ul>\n<li>mapy s\u0105 wy\u0142\u0105czone z obowi\u0105zku zapewniania dost\u0119pno\u015bci,<\/li>\n<li>filmy zosta\u0142y opublikowane przed wej\u015bciem w \u017cycie ustawy o dost\u0119pno\u015bci cyfrowej<\/li>\n<\/ul>\n<p><strong>6. U\u0142atwienia na stronie<\/strong><\/p>\n<p>Strona internetowa Szko\u0142y Podstawowej w \u0141apszance posiada u\u0142atwienia dla os\u00f3b z niepe\u0142nosprawno\u015bciami:<\/p>\n<ul>\n<li>podwy\u017cszony kontrast;<\/li>\n<li>mo\u017cliwo\u015b\u0107 powi\u0119kszenia wielko\u015bci liter na stronie;<\/li>\n<li>mapa strony;<\/li>\n<li>ods\u0142uchanie tre\u015bci strony;<\/li>\n<li>formularz kontaktowy;<\/li>\n<\/ul>\n<p><strong>7. Data sporz\u0105dzenia Deklaracji Dost\u0119pno\u015bci oraz metoda przygotowania<\/strong><\/p>\n<p>Deklaracj\u0119 sporz\u0105dzono dnia: 23.09.2020r.<\/p>\n<p>Deklaracj\u0119 sporz\u0105dzono na podstawie samooceny przeprowadzonej przez podmiot publiczny.<\/p>\n<p><strong>8. Informacje na temat procedury<\/strong><\/p>\n<p>Ka\u017cdy ma prawo do wyst\u0105pienia z \u017c\u0105daniem zapewnienia dost\u0119pno\u015bci cyfrowej strony internetowej, aplikacji mobilnej lub jakiego\u015b ich elementu. Mo\u017cna tak\u017ce za\u017c\u0105da\u0107 udost\u0119pnienia informacji za pomoc\u0105 alternatywnego sposobu dost\u0119pu, na przyk\u0142ad przez odczytanie niedost\u0119pnego cyfrowo dokumentu, opisanie zawarto\u015bci filmu bez audio deskrypcji itp. \u017b\u0105danie powinno zawiera\u0107 dane osoby zg\u0142aszaj\u0105cej \u017c\u0105danie, wskazanie, o kt\u00f3r\u0105 stron\u0119 internetow\u0105 lub aplikacj\u0119 mobiln\u0105 chodzi oraz spos\u00f3b kontaktu. Je\u017celi osoba \u017c\u0105daj\u0105ca zg\u0142asza potrzeb\u0119 otrzymania informacji za pomoc\u0105 alternatywnego sposobu dost\u0119pu, powinna tak\u017ce okre\u015bli\u0107 dogodny dla niej spos\u00f3b przedstawienia tej informacji.<\/p>\n<p>Podmiot publiczny powinien zrealizowa\u0107 \u017c\u0105danie niezw\u0142ocznie, nie p\u00f3\u017aniej ni\u017c w ci\u0105gu 7 dni od dnia wyst\u0105pienia z \u017c\u0105daniem. Je\u017celi dotrzymanie tego terminu nie jest mo\u017cliwe, podmiot publiczny niezw\u0142ocznie informuje o tym wnosz\u0105cego \u017c\u0105danie, kiedy realizacja \u017c\u0105dania b\u0119dzie mo\u017cliwa, przy czym termin ten nie mo\u017ce by\u0107 d\u0142u\u017cszy ni\u017c 2 miesi\u0105ce od dnia wyst\u0105pienia z \u017c\u0105daniem.<\/p>\n<p>Je\u017celi zapewnienie dost\u0119pno\u015bci cyfrowej nie jest mo\u017cliwe, podmiot publiczny mo\u017ce zaproponowa\u0107 alternatywny spos\u00f3b dost\u0119pu do informacji. W przypadku, gdy podmiot publiczny odm\u00f3wi realizacji \u017c\u0105dania zapewnienia dost\u0119pno\u015bci lub alternatywnego sposobu dost\u0119pu do informacji, wnosz\u0105cy \u017c\u0105danie mo\u017cne z\u0142o\u017cy\u0107 skarg\u0119 w sprawie zapewniana dost\u0119pno\u015bci cyfrowej strony internetowej, aplikacji mobilnej lub elementu strony internetowej, lub aplikacji mobilnej. Po wyczerpaniu wskazanej wy\u017cej procedury mo\u017cna tak\u017ce z\u0142o\u017cy\u0107 wniosek do Rzecznika Praw Obywatelskich.<\/p>\n<p><u><a role=\"link\" href=\"https:\/\/www.rpo.gov.pl\/\">Strona internetowa Rzecznika Praw Obywatelskich<\/a><\/u><\/p>\n<p>Wnioski o udost\u0119pnienie informacji niedost\u0119pnej oraz skargi na brak zapewnienia dost\u0119pno\u015bci nale\u017cy sk\u0142ada\u0107 na adres mailowy:\u00a0<a href=\"http:\/\/splapszanka@lapszenizne\">http:\/\/splapszanka@lapszenizne<\/a><\/p>\n<p><strong>9. Skr\u00f3ty klawiaturowe<\/strong><\/p>\n<p>Na stronie internetowej mo\u017cna u\u017cywa\u0107 standardowych skr\u00f3t\u00f3w klawiaturowych przegl\u0105darki.<\/p>\n<p><strong>10. Dokumenty<\/strong><\/p>\n<p>Na stronach szko\u0142y znajduje si\u0119 wiele plik\u00f3w do pobrania. Wi\u0119kszo\u015b\u0107 z nich pochodzi z zasob\u00f3w wewn\u0119trznych. Mo\u017ce si\u0119 zdarzy\u0107, \u017ce nie wszystkie pliki b\u0119d\u0105 w pe\u0142ni dost\u0119pne, np. mo\u017ce w nich brakowa\u0107 nag\u0142\u00f3wk\u00f3w lub opis\u00f3w alternatywnych do tabel i grafik.<\/p>\n<p><strong>11. Wersja mobilna<\/strong><\/p>\n<p>Serwis zosta\u0142 zbudowany w oparciu o metod\u0119 \u201eResponsive Web Design\u201d, w skr\u00f3cie RWD. Metoda ta sprawia, \u017ce serwis automatycznie dostosowuje wy\u015bwietlanie do rozdzielczo\u015bci oraz wielko\u015bci ekranu.<\/p>\n<p>Nie wymaga powi\u0119kszania, ani przewijania w kierunku poziomym.<\/p>\n<p>W urz\u0105dzeniach takich jak tablety, smartfony, telefony kom\u00f3rkowe serwis jest znacznie bardziej czytelny i przyjazny w obs\u0142udze.<\/p>\n<p><strong>12. Dost\u0119pno\u015b\u0107 architektoniczna<\/strong><\/p>\n<p>Szko\u0142a Podstawowa w \u0141apszance posiada pomieszczenia znajduj\u0105ce si\u0119 na parterze oraz I pi\u0119trze, kt\u00f3re nie jest w pe\u0142ni przystosowane do obs\u0142ugi os\u00f3b maj\u0105cych trudno\u015bci w poruszaniu si\u0119. Przy wej\u015bciu g\u0142\u00f3wnym do budynku\u00a0 zamontowane s\u0105 schody. Nad wej\u015bciem nie ma g\u0142o\u015bnik\u00f3w systemu naprowadzaj\u0105cego d\u017awi\u0119kowo osoby niewidome i s\u0142abowidz\u0105ce. Wewn\u0105trz budynku nie ma windy, przy schodach na I pi\u0119tro zamontowane s\u0105 barierki. Szeroko\u015b\u0107 drzwi jest przystosowana do korzystania przez osoby poruszaj\u0105ce si\u0119 na w\u00f3zkach inwalidzkich. Osoby maj\u0105ce problem z poruszaniem si\u0119, kt\u00f3re chc\u0105 za\u0142atwi\u0107 spraw\u0119 w sekretariacie szko\u0142y, znajduj\u0105cym si\u0119 na I pi\u0119trze budynku, powinny telefonicznie powiadomi\u0107 o tym Dyrektora Szko\u0142y, kt\u00f3ry obs\u0142u\u017cy dan\u0105 osob\u0119 na parterze. Toalety wewn\u0105trz budynku nie s\u0105 przystosowane do potrzeb os\u00f3b niepe\u0142nosprawnych.<\/p>\n<p><strong>13. Dodatkowe informacje<\/strong><\/p>\n<p>INFORMACJA DLA U\u017bYTKOWNIK\u00d3W NIEPE\u0141NOSPRAWNYCH<\/p>\n<ul>\n<li>U\u017cytkownicy korzystaj\u0105cy wy\u0142\u0105cznie z klawiatury mog\u0105 swobodnie porusza\u0107 si\u0119 po serwisie za pomoc\u0105 klawisza Tab.<\/li>\n<li>Nawigacja jest te\u017c przyjazna dla os\u00f3b niewidomych dzi\u0119ki unikalnym tytu\u0142om podstron i porz\u0105dkuj\u0105cej funkcji nag\u0142\u00f3wk\u00f3w.<\/li>\n<li>W ca\u0142ym serwisie w\u0142\u0105czony jest tzw. fokus, czyli domy\u015blne oznaczenie aktywnego linka czy pola formularza. Fokus przemieszcza si\u0119 po wszystkich widocznych elementach aktywnych strony w logicznej kolejno\u015bci \u2013 klawisz TAB.<\/li>\n<li>Linki \u2013 tak\u017ce te prowadz\u0105ce do serwis\u00f3w zewn\u0119trznych \u2013 otwieraj\u0105 si\u0119 w tym samym oknie.<\/li>\n<li>Kontrast tekstu do t\u0142a \u2013 dzi\u0119ki temu materia\u0142y osadzone na stronie s\u0105 czytelne tak\u017ce dla os\u00f3b s\u0142abiej widz\u0105cych.<\/li>\n<li>Staramy si\u0119 pisa\u0107 zrozumia\u0142e teksty oraz formatowa\u0107 je w spos\u00f3b zgodny z zasadami dost\u0119pno\u015bci.<\/li>\n<li>Zdj\u0119cia i grafiki w serwisie maj\u0105 alternatywne opisy, aby ich tre\u015b\u0107 by\u0142a dost\u0119pna dla os\u00f3b niewidomych oraz os\u00f3b, kt\u00f3re nie wy\u015bwietlaj\u0105 grafiki na przyk\u0142ad na urz\u0105dzeniach mobilnych.<\/li>\n<\/ul>\n<p>Serwis jest wyposa\u017cony w mechanizmy u\u0142atwiaj\u0105ce przegl\u0105dnie tre\u015bci przez osoby niedowidz\u0105ce nie korzystaj\u0105ce z technologii asystuj\u0105cych<\/p>\n<p>KONTRAST<\/p>\n<p>Kontrast kolorystyczny element\u00f3w przekazuj\u0105cych tre\u015bci ma stosunek jasno\u015bci tekstu do t\u0142a co najmniej 4,5 do 1.<\/p>\n<p>ZMIANA ROZMIARU STRONY<\/p>\n<p>Przegl\u0105darki internetowe za pomoc\u0105 skr\u00f3t\u00f3w klawiaturowych lub odpowiednich ustawie\u0144 umo\u017cliwiaj\u0105 powi\u0119kszenie serwisu. Jest to szczeg\u00f3lnie pomocne dla os\u00f3b z wad\u0105 wzroku. Aby powi\u0119kszy\u0107 tekst nale\u017cy wybra\u0107 odpowiedni\u0105 kombinacj\u0119 klawiszy:<\/p>\n<p>FIREFOX, CHROME, INTERNET EXPLORER<\/p>\n<ul>\n<li>[CTRL] oraz [+] aby powi\u0119kszy\u0107 widok<\/li>\n<li>[CTRL] oraz [-] aby pomniejszy\u0107 widok<\/li>\n<\/ul>\n<p>OPERA<\/p>\n<ul>\n<li>[SHIFT] oraz [+] aby powi\u0119kszy\u0107 widok<\/li>\n<li>[-] aby pomniejszy\u0107 widok<\/li>\n<\/ul>\n<p>&nbsp;<\/p>\n","protected":false},"excerpt":{"rendered":"<p>Szko\u0142a Podstawowa w \u0141apszance zobowi\u0105zuje si\u0119 zapewni\u0107 dost\u0119pno\u015b\u0107 swojej strony internetowej zgodnie z przepisami ustawy z dnia 4 kwietnia 2019 r. o dost\u0119pno\u015bci cyfrowej stron internetowych i aplikacji mobilnych podmiot\u00f3w publicznych. O\u015bwiadczenie w sprawie dost\u0119pno\u015bci ma zastosowanie do strony internetowej <a href=\"https:\/\/splapszanka.lapszenizne.pl\/index.php\/deklaracja-dostepnosci\/\" class=\"read-more\">Czytaj Dalej<\/a><\/p>\n","protected":false},"author":2,"featured_media":0,"parent":0,"menu_order":0,"comment_status":"closed","ping_status":"closed","template":"","meta":{"footnotes":""},"class_list":["post-789","page","type-page","status-publish","hentry"],"yoast_head":"<!-- This site is optimized with the Yoast SEO plugin v27.0 - https:\/\/yoast.com\/product\/yoast-seo-wordpress\/ -->\n<title>Deklaracja dost\u0119pno\u015bci - Szko\u0142a Podstawowa w \u0141apszance<\/title>\n<meta name=\"robots\" content=\"index, follow, max-snippet:-1, max-image-preview:large, max-video-preview:-1\" \/>\n<link rel=\"canonical\" href=\"https:\/\/splapszanka.lapszenizne.pl\/index.php\/deklaracja-dostepnosci\/\" \/>\n<meta property=\"og:locale\" content=\"pl_PL\" \/>\n<meta property=\"og:type\" content=\"article\" \/>\n<meta property=\"og:title\" content=\"Deklaracja dost\u0119pno\u015bci - Szko\u0142a Podstawowa w \u0141apszance\" \/>\n<meta property=\"og:description\" content=\"Szko\u0142a Podstawowa w \u0141apszance zobowi\u0105zuje si\u0119 zapewni\u0107 dost\u0119pno\u015b\u0107 swojej strony internetowej zgodnie z przepisami ustawy z dnia 4 kwietnia 2019 r. o dost\u0119pno\u015bci cyfrowej stron internetowych i aplikacji mobilnych podmiot\u00f3w publicznych. O\u015bwiadczenie w sprawie dost\u0119pno\u015bci ma zastosowanie do strony internetowej Czytaj Dalej\" \/>\n<meta property=\"og:url\" content=\"https:\/\/splapszanka.lapszenizne.pl\/index.php\/deklaracja-dostepnosci\/\" \/>\n<meta property=\"og:site_name\" content=\"Szko\u0142a Podstawowa w \u0141apszance\" \/>\n<meta property=\"article:modified_time\" content=\"2022-03-31T19:05:55+00:00\" \/>\n<meta name=\"twitter:card\" content=\"summary_large_image\" \/>\n<meta name=\"twitter:label1\" content=\"Szacowany czas czytania\" \/>\n\t<meta name=\"twitter:data1\" content=\"6 minut\" \/>\n<script type=\"application\/ld+json\" class=\"yoast-schema-graph\">{\"@context\":\"https:\/\/schema.org\",\"@graph\":[{\"@type\":\"WebPage\",\"@id\":\"https:\/\/splapszanka.lapszenizne.pl\/index.php\/deklaracja-dostepnosci\/\",\"url\":\"https:\/\/splapszanka.lapszenizne.pl\/index.php\/deklaracja-dostepnosci\/\",\"name\":\"Deklaracja dost\u0119pno\u015bci - Szko\u0142a Podstawowa w \u0141apszance\",\"isPartOf\":{\"@id\":\"https:\/\/splapszanka.lapszenizne.pl\/#website\"},\"datePublished\":\"2020-09-23T19:45:50+00:00\",\"dateModified\":\"2022-03-31T19:05:55+00:00\",\"breadcrumb\":{\"@id\":\"https:\/\/splapszanka.lapszenizne.pl\/index.php\/deklaracja-dostepnosci\/#breadcrumb\"},\"inLanguage\":\"pl-PL\",\"potentialAction\":[{\"@type\":\"ReadAction\",\"target\":[\"https:\/\/splapszanka.lapszenizne.pl\/index.php\/deklaracja-dostepnosci\/\"]}]},{\"@type\":\"BreadcrumbList\",\"@id\":\"https:\/\/splapszanka.lapszenizne.pl\/index.php\/deklaracja-dostepnosci\/#breadcrumb\",\"itemListElement\":[{\"@type\":\"ListItem\",\"position\":1,\"name\":\"Strona g\u0142\u00f3wna\",\"item\":\"https:\/\/splapszanka.lapszenizne.pl\/\"},{\"@type\":\"ListItem\",\"position\":2,\"name\":\"Deklaracja dost\u0119pno\u015bci\"}]},{\"@type\":\"WebSite\",\"@id\":\"https:\/\/splapszanka.lapszenizne.pl\/#website\",\"url\":\"https:\/\/splapszanka.lapszenizne.pl\/\",\"name\":\"Szko\u0142a Podstawowa w \u0141apszance\",\"description\":\"\u0141apszanka ul. D\u0142uga 35,  34-442 \u0141apsze Ni\u017cne,  woj. ma\u0142opolskie\",\"publisher\":{\"@id\":\"https:\/\/splapszanka.lapszenizne.pl\/#organization\"},\"potentialAction\":[{\"@type\":\"SearchAction\",\"target\":{\"@type\":\"EntryPoint\",\"urlTemplate\":\"https:\/\/splapszanka.lapszenizne.pl\/?s={search_term_string}\"},\"query-input\":{\"@type\":\"PropertyValueSpecification\",\"valueRequired\":true,\"valueName\":\"search_term_string\"}}],\"inLanguage\":\"pl-PL\"},{\"@type\":\"Organization\",\"@id\":\"https:\/\/splapszanka.lapszenizne.pl\/#organization\",\"name\":\"Szko\u0142a Podstawowa w \u0141apszance\",\"url\":\"https:\/\/splapszanka.lapszenizne.pl\/\",\"logo\":{\"@type\":\"ImageObject\",\"inLanguage\":\"pl-PL\",\"@id\":\"https:\/\/splapszanka.lapszenizne.pl\/#\/schema\/logo\/image\/\",\"url\":\"https:\/\/splapszanka.lapszenizne.pl\/wp-content\/uploads\/2020\/03\/cropped-75328783_1588584124617847_5132413514161324032_o.jpg\",\"contentUrl\":\"https:\/\/splapszanka.lapszenizne.pl\/wp-content\/uploads\/2020\/03\/cropped-75328783_1588584124617847_5132413514161324032_o.jpg\",\"width\":1830,\"height\":1202,\"caption\":\"Szko\u0142a Podstawowa w \u0141apszance\"},\"image\":{\"@id\":\"https:\/\/splapszanka.lapszenizne.pl\/#\/schema\/logo\/image\/\"}}]}<\/script>\n<!-- \/ Yoast SEO plugin. -->","yoast_head_json":{"title":"Deklaracja dost\u0119pno\u015bci - Szko\u0142a Podstawowa w \u0141apszance","robots":{"index":"index","follow":"follow","max-snippet":"max-snippet:-1","max-image-preview":"max-image-preview:large","max-video-preview":"max-video-preview:-1"},"canonical":"https:\/\/splapszanka.lapszenizne.pl\/index.php\/deklaracja-dostepnosci\/","og_locale":"pl_PL","og_type":"article","og_title":"Deklaracja dost\u0119pno\u015bci - Szko\u0142a Podstawowa w \u0141apszance","og_description":"Szko\u0142a Podstawowa w \u0141apszance zobowi\u0105zuje si\u0119 zapewni\u0107 dost\u0119pno\u015b\u0107 swojej strony internetowej zgodnie z przepisami ustawy z dnia 4 kwietnia 2019 r. o dost\u0119pno\u015bci cyfrowej stron internetowych i aplikacji mobilnych podmiot\u00f3w publicznych. O\u015bwiadczenie w sprawie dost\u0119pno\u015bci ma zastosowanie do strony internetowej Czytaj Dalej","og_url":"https:\/\/splapszanka.lapszenizne.pl\/index.php\/deklaracja-dostepnosci\/","og_site_name":"Szko\u0142a Podstawowa w \u0141apszance","article_modified_time":"2022-03-31T19:05:55+00:00","twitter_card":"summary_large_image","twitter_misc":{"Szacowany czas czytania":"6 minut"},"schema":{"@context":"https:\/\/schema.org","@graph":[{"@type":"WebPage","@id":"https:\/\/splapszanka.lapszenizne.pl\/index.php\/deklaracja-dostepnosci\/","url":"https:\/\/splapszanka.lapszenizne.pl\/index.php\/deklaracja-dostepnosci\/","name":"Deklaracja dost\u0119pno\u015bci - Szko\u0142a Podstawowa w \u0141apszance","isPartOf":{"@id":"https:\/\/splapszanka.lapszenizne.pl\/#website"},"datePublished":"2020-09-23T19:45:50+00:00","dateModified":"2022-03-31T19:05:55+00:00","breadcrumb":{"@id":"https:\/\/splapszanka.lapszenizne.pl\/index.php\/deklaracja-dostepnosci\/#breadcrumb"},"inLanguage":"pl-PL","potentialAction":[{"@type":"ReadAction","target":["https:\/\/splapszanka.lapszenizne.pl\/index.php\/deklaracja-dostepnosci\/"]}]},{"@type":"BreadcrumbList","@id":"https:\/\/splapszanka.lapszenizne.pl\/index.php\/deklaracja-dostepnosci\/#breadcrumb","itemListElement":[{"@type":"ListItem","position":1,"name":"Strona g\u0142\u00f3wna","item":"https:\/\/splapszanka.lapszenizne.pl\/"},{"@type":"ListItem","position":2,"name":"Deklaracja dost\u0119pno\u015bci"}]},{"@type":"WebSite","@id":"https:\/\/splapszanka.lapszenizne.pl\/#website","url":"https:\/\/splapszanka.lapszenizne.pl\/","name":"Szko\u0142a Podstawowa w \u0141apszance","description":"\u0141apszanka ul. D\u0142uga 35,  34-442 \u0141apsze Ni\u017cne,  woj. ma\u0142opolskie","publisher":{"@id":"https:\/\/splapszanka.lapszenizne.pl\/#organization"},"potentialAction":[{"@type":"SearchAction","target":{"@type":"EntryPoint","urlTemplate":"https:\/\/splapszanka.lapszenizne.pl\/?s={search_term_string}"},"query-input":{"@type":"PropertyValueSpecification","valueRequired":true,"valueName":"search_term_string"}}],"inLanguage":"pl-PL"},{"@type":"Organization","@id":"https:\/\/splapszanka.lapszenizne.pl\/#organization","name":"Szko\u0142a Podstawowa w \u0141apszance","url":"https:\/\/splapszanka.lapszenizne.pl\/","logo":{"@type":"ImageObject","inLanguage":"pl-PL","@id":"https:\/\/splapszanka.lapszenizne.pl\/#\/schema\/logo\/image\/","url":"https:\/\/splapszanka.lapszenizne.pl\/wp-content\/uploads\/2020\/03\/cropped-75328783_1588584124617847_5132413514161324032_o.jpg","contentUrl":"https:\/\/splapszanka.lapszenizne.pl\/wp-content\/uploads\/2020\/03\/cropped-75328783_1588584124617847_5132413514161324032_o.jpg","width":1830,"height":1202,"caption":"Szko\u0142a Podstawowa w \u0141apszance"},"image":{"@id":"https:\/\/splapszanka.lapszenizne.pl\/#\/schema\/logo\/image\/"}}]}},"_links":{"self":[{"href":"https:\/\/splapszanka.lapszenizne.pl\/index.php\/wp-json\/wp\/v2\/pages\/789","targetHints":{"allow":["GET"]}}],"collection":[{"href":"https:\/\/splapszanka.lapszenizne.pl\/index.php\/wp-json\/wp\/v2\/pages"}],"about":[{"href":"https:\/\/splapszanka.lapszenizne.pl\/index.php\/wp-json\/wp\/v2\/types\/page"}],"author":[{"embeddable":true,"href":"https:\/\/splapszanka.lapszenizne.pl\/index.php\/wp-json\/wp\/v2\/users\/2"}],"replies":[{"embeddable":true,"href":"https:\/\/splapszanka.lapszenizne.pl\/index.php\/wp-json\/wp\/v2\/comments?post=789"}],"version-history":[{"count":9,"href":"https:\/\/splapszanka.lapszenizne.pl\/index.php\/wp-json\/wp\/v2\/pages\/789\/revisions"}],"predecessor-version":[{"id":1479,"href":"https:\/\/splapszanka.lapszenizne.pl\/index.php\/wp-json\/wp\/v2\/pages\/789\/revisions\/1479"}],"wp:attachment":[{"href":"https:\/\/splapszanka.lapszenizne.pl\/index.php\/wp-json\/wp\/v2\/media?parent=789"}],"curies":[{"name":"wp","href":"https:\/\/api.w.org\/{rel}","templated":true}]}}