{"id":353,"date":"2019-11-26T21:19:26","date_gmt":"2019-11-26T20:19:26","guid":{"rendered":"https:\/\/oldlapszanka.lapszenizne.pl\/?page_id=353"},"modified":"2025-09-25T17:43:32","modified_gmt":"2025-09-25T15:43:32","slug":"plan-lekcji","status":"publish","type":"page","link":"https:\/\/splapszanka.lapszenizne.pl\/index.php\/plan-lekcji\/","title":{"rendered":"Organizacja roku szkolnego 2025\/2026"},"content":{"rendered":"<p><span style=\"font-size: 24px;\"><strong><a href=\"https:\/\/splapszanka.lapszenizne.pl\/wp-content\/uploads\/2025\/09\/Organizacja-roku-szkolnego-2025-2026.docx\">Organizacja-roku-szkolnego-2025-2026<\/a><\/strong><\/span><\/p>\n<p>Drodzy Rodzice, je\u017celi potrzebujecie spotka\u0107 si\u0119 z nauczycielami i porozmawia\u0107 indywidualnie na temat waszych pociech, prosimy zapozna\u0107 si\u0119 z harmonogramem dy\u017cur\u00f3w. Znajdziecie tam wyznaczone godziny w kt\u00f3rych nauczyciele s\u0105 do Waszej dyspozycji.<\/p>\n<p><a href=\"https:\/\/splapszanka.lapszenizne.pl\/wp-content\/uploads\/2024\/11\/Harmonogram-konsultacji-nauczycieli-Szkoly-Podstawowej-w-Lapszance-od-01.09.2024-1.docx\"><span style=\"font-size: 24px;\"><strong><a href=\"https:\/\/splapszanka.lapszenizne.pl\/wp-content\/uploads\/2025\/09\/Harmonogram-konsultacji-nauczycieli-Szkoly-Podstawowej-w-Lapszance.docx\">Harmonogram konsultacji nauczycieli Szko\u0142y Podstawowej w \u0141apszance<\/a><\/strong><\/span> <\/a><\/p>\n","protected":false},"excerpt":{"rendered":"<p>Organizacja-roku-szkolnego-2025-2026 Drodzy Rodzice, je\u017celi potrzebujecie spotka\u0107 si\u0119 z nauczycielami i porozmawia\u0107 indywidualnie na temat waszych pociech, prosimy zapozna\u0107 si\u0119 z harmonogramem dy\u017cur\u00f3w. Znajdziecie tam wyznaczone godziny w kt\u00f3rych nauczyciele s\u0105 do Waszej dyspozycji. Harmonogram konsultacji nauczycieli Szko\u0142y Podstawowej w \u0141apszance<\/p>\n","protected":false},"author":2,"featured_media":2241,"parent":0,"menu_order":0,"comment_status":"closed","ping_status":"closed","template":"","meta":{"footnotes":""},"class_list":["post-353","page","type-page","status-publish","has-post-thumbnail","hentry"],"yoast_head":"<!-- This site is optimized with the Yoast SEO plugin v27.0 - https:\/\/yoast.com\/product\/yoast-seo-wordpress\/ -->\n<title>Organizacja roku szkolnego 2025\/2026 - Szko\u0142a Podstawowa w \u0141apszance<\/title>\n<meta name=\"robots\" content=\"index, follow, max-snippet:-1, max-image-preview:large, max-video-preview:-1\" \/>\n<link rel=\"canonical\" href=\"https:\/\/splapszanka.lapszenizne.pl\/index.php\/plan-lekcji\/\" \/>\n<meta property=\"og:locale\" content=\"pl_PL\" \/>\n<meta property=\"og:type\" content=\"article\" \/>\n<meta property=\"og:title\" content=\"Organizacja roku szkolnego 2025\/2026 - Szko\u0142a Podstawowa w \u0141apszance\" \/>\n<meta property=\"og:description\" content=\"Organizacja-roku-szkolnego-2025-2026 Drodzy Rodzice, je\u017celi potrzebujecie spotka\u0107 si\u0119 z nauczycielami i porozmawia\u0107 indywidualnie na temat waszych pociech, prosimy zapozna\u0107 si\u0119 z harmonogramem dy\u017cur\u00f3w. Znajdziecie tam wyznaczone godziny w kt\u00f3rych nauczyciele s\u0105 do Waszej dyspozycji. Harmonogram konsultacji nauczycieli Szko\u0142y Podstawowej w \u0141apszance\" \/>\n<meta property=\"og:url\" content=\"https:\/\/splapszanka.lapszenizne.pl\/index.php\/plan-lekcji\/\" \/>\n<meta property=\"og:site_name\" content=\"Szko\u0142a Podstawowa w \u0141apszance\" \/>\n<meta property=\"article:modified_time\" content=\"2025-09-25T15:43:32+00:00\" \/>\n<meta property=\"og:image\" content=\"https:\/\/splapszanka.lapszenizne.pl\/wp-content\/uploads\/2023\/09\/Organizacja-roku-szkolnego.png\" \/>\n\t<meta property=\"og:image:width\" content=\"940\" \/>\n\t<meta property=\"og:image:height\" content=\"788\" \/>\n\t<meta property=\"og:image:type\" content=\"image\/png\" \/>\n<meta name=\"twitter:card\" content=\"summary_large_image\" \/>\n<meta name=\"twitter:label1\" content=\"Szacowany czas czytania\" \/>\n\t<meta name=\"twitter:data1\" content=\"1 minuta\" \/>\n<script type=\"application\/ld+json\" class=\"yoast-schema-graph\">{\"@context\":\"https:\/\/schema.org\",\"@graph\":[{\"@type\":\"WebPage\",\"@id\":\"https:\/\/splapszanka.lapszenizne.pl\/index.php\/plan-lekcji\/\",\"url\":\"https:\/\/splapszanka.lapszenizne.pl\/index.php\/plan-lekcji\/\",\"name\":\"Organizacja roku szkolnego 2025\/2026 - Szko\u0142a Podstawowa w \u0141apszance\",\"isPartOf\":{\"@id\":\"https:\/\/splapszanka.lapszenizne.pl\/#website\"},\"primaryImageOfPage\":{\"@id\":\"https:\/\/splapszanka.lapszenizne.pl\/index.php\/plan-lekcji\/#primaryimage\"},\"image\":{\"@id\":\"https:\/\/splapszanka.lapszenizne.pl\/index.php\/plan-lekcji\/#primaryimage\"},\"thumbnailUrl\":\"https:\/\/splapszanka.lapszenizne.pl\/wp-content\/uploads\/2023\/09\/Organizacja-roku-szkolnego.png\",\"datePublished\":\"2019-11-26T20:19:26+00:00\",\"dateModified\":\"2025-09-25T15:43:32+00:00\",\"breadcrumb\":{\"@id\":\"https:\/\/splapszanka.lapszenizne.pl\/index.php\/plan-lekcji\/#breadcrumb\"},\"inLanguage\":\"pl-PL\",\"potentialAction\":[{\"@type\":\"ReadAction\",\"target\":[\"https:\/\/splapszanka.lapszenizne.pl\/index.php\/plan-lekcji\/\"]}]},{\"@type\":\"ImageObject\",\"inLanguage\":\"pl-PL\",\"@id\":\"https:\/\/splapszanka.lapszenizne.pl\/index.php\/plan-lekcji\/#primaryimage\",\"url\":\"https:\/\/splapszanka.lapszenizne.pl\/wp-content\/uploads\/2023\/09\/Organizacja-roku-szkolnego.png\",\"contentUrl\":\"https:\/\/splapszanka.lapszenizne.pl\/wp-content\/uploads\/2023\/09\/Organizacja-roku-szkolnego.png\",\"width\":940,\"height\":788},{\"@type\":\"BreadcrumbList\",\"@id\":\"https:\/\/splapszanka.lapszenizne.pl\/index.php\/plan-lekcji\/#breadcrumb\",\"itemListElement\":[{\"@type\":\"ListItem\",\"position\":1,\"name\":\"Strona g\u0142\u00f3wna\",\"item\":\"https:\/\/splapszanka.lapszenizne.pl\/\"},{\"@type\":\"ListItem\",\"position\":2,\"name\":\"Organizacja roku szkolnego 2025\/2026\"}]},{\"@type\":\"WebSite\",\"@id\":\"https:\/\/splapszanka.lapszenizne.pl\/#website\",\"url\":\"https:\/\/splapszanka.lapszenizne.pl\/\",\"name\":\"Szko\u0142a Podstawowa w \u0141apszance\",\"description\":\"\u0141apszanka ul. D\u0142uga 35,  34-442 \u0141apsze Ni\u017cne,  woj. ma\u0142opolskie\",\"publisher\":{\"@id\":\"https:\/\/splapszanka.lapszenizne.pl\/#organization\"},\"potentialAction\":[{\"@type\":\"SearchAction\",\"target\":{\"@type\":\"EntryPoint\",\"urlTemplate\":\"https:\/\/splapszanka.lapszenizne.pl\/?s={search_term_string}\"},\"query-input\":{\"@type\":\"PropertyValueSpecification\",\"valueRequired\":true,\"valueName\":\"search_term_string\"}}],\"inLanguage\":\"pl-PL\"},{\"@type\":\"Organization\",\"@id\":\"https:\/\/splapszanka.lapszenizne.pl\/#organization\",\"name\":\"Szko\u0142a Podstawowa w \u0141apszance\",\"url\":\"https:\/\/splapszanka.lapszenizne.pl\/\",\"logo\":{\"@type\":\"ImageObject\",\"inLanguage\":\"pl-PL\",\"@id\":\"https:\/\/splapszanka.lapszenizne.pl\/#\/schema\/logo\/image\/\",\"url\":\"https:\/\/splapszanka.lapszenizne.pl\/wp-content\/uploads\/2020\/03\/cropped-75328783_1588584124617847_5132413514161324032_o.jpg\",\"contentUrl\":\"https:\/\/splapszanka.lapszenizne.pl\/wp-content\/uploads\/2020\/03\/cropped-75328783_1588584124617847_5132413514161324032_o.jpg\",\"width\":1830,\"height\":1202,\"caption\":\"Szko\u0142a Podstawowa w \u0141apszance\"},\"image\":{\"@id\":\"https:\/\/splapszanka.lapszenizne.pl\/#\/schema\/logo\/image\/\"}}]}<\/script>\n<!-- \/ Yoast SEO plugin. -->","yoast_head_json":{"title":"Organizacja roku szkolnego 2025\/2026 - Szko\u0142a Podstawowa w \u0141apszance","robots":{"index":"index","follow":"follow","max-snippet":"max-snippet:-1","max-image-preview":"max-image-preview:large","max-video-preview":"max-video-preview:-1"},"canonical":"https:\/\/splapszanka.lapszenizne.pl\/index.php\/plan-lekcji\/","og_locale":"pl_PL","og_type":"article","og_title":"Organizacja roku szkolnego 2025\/2026 - Szko\u0142a Podstawowa w \u0141apszance","og_description":"Organizacja-roku-szkolnego-2025-2026 Drodzy Rodzice, je\u017celi potrzebujecie spotka\u0107 si\u0119 z nauczycielami i porozmawia\u0107 indywidualnie na temat waszych pociech, prosimy zapozna\u0107 si\u0119 z harmonogramem dy\u017cur\u00f3w. Znajdziecie tam wyznaczone godziny w kt\u00f3rych nauczyciele s\u0105 do Waszej dyspozycji. Harmonogram konsultacji nauczycieli Szko\u0142y Podstawowej w \u0141apszance","og_url":"https:\/\/splapszanka.lapszenizne.pl\/index.php\/plan-lekcji\/","og_site_name":"Szko\u0142a Podstawowa w \u0141apszance","article_modified_time":"2025-09-25T15:43:32+00:00","og_image":[{"width":940,"height":788,"url":"https:\/\/splapszanka.lapszenizne.pl\/wp-content\/uploads\/2023\/09\/Organizacja-roku-szkolnego.png","type":"image\/png"}],"twitter_card":"summary_large_image","twitter_misc":{"Szacowany czas czytania":"1 minuta"},"schema":{"@context":"https:\/\/schema.org","@graph":[{"@type":"WebPage","@id":"https:\/\/splapszanka.lapszenizne.pl\/index.php\/plan-lekcji\/","url":"https:\/\/splapszanka.lapszenizne.pl\/index.php\/plan-lekcji\/","name":"Organizacja roku szkolnego 2025\/2026 - Szko\u0142a Podstawowa w \u0141apszance","isPartOf":{"@id":"https:\/\/splapszanka.lapszenizne.pl\/#website"},"primaryImageOfPage":{"@id":"https:\/\/splapszanka.lapszenizne.pl\/index.php\/plan-lekcji\/#primaryimage"},"image":{"@id":"https:\/\/splapszanka.lapszenizne.pl\/index.php\/plan-lekcji\/#primaryimage"},"thumbnailUrl":"https:\/\/splapszanka.lapszenizne.pl\/wp-content\/uploads\/2023\/09\/Organizacja-roku-szkolnego.png","datePublished":"2019-11-26T20:19:26+00:00","dateModified":"2025-09-25T15:43:32+00:00","breadcrumb":{"@id":"https:\/\/splapszanka.lapszenizne.pl\/index.php\/plan-lekcji\/#breadcrumb"},"inLanguage":"pl-PL","potentialAction":[{"@type":"ReadAction","target":["https:\/\/splapszanka.lapszenizne.pl\/index.php\/plan-lekcji\/"]}]},{"@type":"ImageObject","inLanguage":"pl-PL","@id":"https:\/\/splapszanka.lapszenizne.pl\/index.php\/plan-lekcji\/#primaryimage","url":"https:\/\/splapszanka.lapszenizne.pl\/wp-content\/uploads\/2023\/09\/Organizacja-roku-szkolnego.png","contentUrl":"https:\/\/splapszanka.lapszenizne.pl\/wp-content\/uploads\/2023\/09\/Organizacja-roku-szkolnego.png","width":940,"height":788},{"@type":"BreadcrumbList","@id":"https:\/\/splapszanka.lapszenizne.pl\/index.php\/plan-lekcji\/#breadcrumb","itemListElement":[{"@type":"ListItem","position":1,"name":"Strona g\u0142\u00f3wna","item":"https:\/\/splapszanka.lapszenizne.pl\/"},{"@type":"ListItem","position":2,"name":"Organizacja roku szkolnego 2025\/2026"}]},{"@type":"WebSite","@id":"https:\/\/splapszanka.lapszenizne.pl\/#website","url":"https:\/\/splapszanka.lapszenizne.pl\/","name":"Szko\u0142a Podstawowa w \u0141apszance","description":"\u0141apszanka ul. D\u0142uga 35,  34-442 \u0141apsze Ni\u017cne,  woj. ma\u0142opolskie","publisher":{"@id":"https:\/\/splapszanka.lapszenizne.pl\/#organization"},"potentialAction":[{"@type":"SearchAction","target":{"@type":"EntryPoint","urlTemplate":"https:\/\/splapszanka.lapszenizne.pl\/?s={search_term_string}"},"query-input":{"@type":"PropertyValueSpecification","valueRequired":true,"valueName":"search_term_string"}}],"inLanguage":"pl-PL"},{"@type":"Organization","@id":"https:\/\/splapszanka.lapszenizne.pl\/#organization","name":"Szko\u0142a Podstawowa w \u0141apszance","url":"https:\/\/splapszanka.lapszenizne.pl\/","logo":{"@type":"ImageObject","inLanguage":"pl-PL","@id":"https:\/\/splapszanka.lapszenizne.pl\/#\/schema\/logo\/image\/","url":"https:\/\/splapszanka.lapszenizne.pl\/wp-content\/uploads\/2020\/03\/cropped-75328783_1588584124617847_5132413514161324032_o.jpg","contentUrl":"https:\/\/splapszanka.lapszenizne.pl\/wp-content\/uploads\/2020\/03\/cropped-75328783_1588584124617847_5132413514161324032_o.jpg","width":1830,"height":1202,"caption":"Szko\u0142a Podstawowa w \u0141apszance"},"image":{"@id":"https:\/\/splapszanka.lapszenizne.pl\/#\/schema\/logo\/image\/"}}]}},"_links":{"self":[{"href":"https:\/\/splapszanka.lapszenizne.pl\/index.php\/wp-json\/wp\/v2\/pages\/353","targetHints":{"allow":["GET"]}}],"collection":[{"href":"https:\/\/splapszanka.lapszenizne.pl\/index.php\/wp-json\/wp\/v2\/pages"}],"about":[{"href":"https:\/\/splapszanka.lapszenizne.pl\/index.php\/wp-json\/wp\/v2\/types\/page"}],"author":[{"embeddable":true,"href":"https:\/\/splapszanka.lapszenizne.pl\/index.php\/wp-json\/wp\/v2\/users\/2"}],"replies":[{"embeddable":true,"href":"https:\/\/splapszanka.lapszenizne.pl\/index.php\/wp-json\/wp\/v2\/comments?post=353"}],"version-history":[{"count":23,"href":"https:\/\/splapszanka.lapszenizne.pl\/index.php\/wp-json\/wp\/v2\/pages\/353\/revisions"}],"predecessor-version":[{"id":3327,"href":"https:\/\/splapszanka.lapszenizne.pl\/index.php\/wp-json\/wp\/v2\/pages\/353\/revisions\/3327"}],"wp:featuredmedia":[{"embeddable":true,"href":"https:\/\/splapszanka.lapszenizne.pl\/index.php\/wp-json\/wp\/v2\/media\/2241"}],"wp:attachment":[{"href":"https:\/\/splapszanka.lapszenizne.pl\/index.php\/wp-json\/wp\/v2\/media?parent=353"}],"curies":[{"name":"wp","href":"https:\/\/api.w.org\/{rel}","templated":true}]}}