{"id":3466,"date":"2026-01-29T21:40:58","date_gmt":"2026-01-29T20:40:58","guid":{"rendered":"https:\/\/splapszanka.lapszenizne.pl\/?page_id=3466"},"modified":"2026-01-29T22:15:41","modified_gmt":"2026-01-29T21:15:41","slug":"rekrutacja-2026-2027","status":"publish","type":"page","link":"https:\/\/splapszanka.lapszenizne.pl\/index.php\/rekrutacja-2026-2027\/","title":{"rendered":"Rekrutacja 2026\/2027"},"content":{"rendered":"<ol>\n<li><strong>REKRUTACJA DO PRZEDSZKOLI \/ ODDZIA\u0141\u00d3W PRZEDSZKOLNYCH PRZY SZKOLE PODSTAWOWEJ<\/strong><\/li>\n<li><strong>Sk\u0142adanie wniosk\u00f3w<\/strong>\n<ol>\n<li>Rodzice mog\u0105 ubiega\u0107 si\u0119 o przyj\u0119cie dziecka do trzech przedszkoli, wskazuj\u0105c je w kolejno\u015bci preferencji. Plac\u00f3wka wskazana jako pierwsza to przedszkole pierwszego wyboru.<\/li>\n<li>Wniosek o przyj\u0119cie dziecka wraz z wymaganymi dokumentami nale\u017cy z\u0142o\u017cy\u0107 <strong>wy\u0142\u0105cznie w przedszkolu pierwszego wyboru<\/strong>.<\/li>\n<\/ol>\n<\/li>\n<li><strong>Przyj\u0119cie dzieci spoza gminy<\/strong>\n<ol>\n<li>Kandydaci zamieszkali poza obszarem gminy mog\u0105 by\u0107 przyj\u0119ci wy\u0142\u0105cznie w post\u0119powaniu uzupe\u0142niaj\u0105cym, je\u015bli po zako\u0144czeniu rekrutacji w gminie pozostan\u0105 wolne miejsca (art. 130 ust. 1 oraz art. 131 ust. 7 ustawy Prawo O\u015bwiatowe).<\/li>\n<\/ol>\n<\/li>\n<\/ol>\n<table>\n<tbody>\n<tr>\n<td width=\"613\">3.\u00a0\u00a0\u00a0\u00a0\u00a0 <strong>Terminy rekrutacji <\/strong><\/p>\n<p><strong><br \/>\n<\/strong>Zgodnie z zarz\u0105dzeniem\u00a0Nr W.0050.1.3.2026 W\u00f3jta Gminy \u0141apsze Ni\u017cne z dnia 19 stycznia 2026 r.\u00a0 w sprawie<strong>\u00a0 <\/strong>ustalenia harmonogramu czynno\u015bci w post\u0119powaniu rekrutacyjnym oraz post\u0119powaniu uzupe\u0142niaj\u0105cym na rok szkolny 2026\/2027 do publicznych przedszkoli,\u00a0 oddzia\u0142\u00f3w przedszkolnych w szko\u0142ach podstawowych i do klas pierwszych szk\u00f3\u0142 podstawowych prowadzonych przez Gmin\u0119 \u0141apsze Ni\u017cne<\/p>\n<table width=\"0\">\n<tbody>\n<tr>\n<td width=\"36\">Lp.<\/td>\n<td width=\"315\">Rodzaj czynno\u015bci<\/td>\n<td width=\"123\">Terminy w postepowaniu rekrutacyjnym<\/td>\n<td width=\"123\">Terminy w postepowaniu uzupe\u0142niaj\u0105cy<\/td>\n<\/tr>\n<tr>\n<td width=\"36\">1.<\/td>\n<td width=\"315\">Z\u0142o\u017cenie deklaracji o kontynuowaniu wychowania przedszkolnego w roku szkolnym 2026\/2027<\/td>\n<td colspan=\"2\" width=\"246\">od 02.02.2026 r. do 11.02.2026 r.<\/p>\n<p>&nbsp;<\/td>\n<\/tr>\n<tr>\n<td width=\"36\">2.<\/td>\n<td width=\"315\">Z\u0142o\u017cenie wniosku\u00a0 o przyj\u0119cie do przedszkola lub do oddzia\u0142u przedszkolnego wraz z dokumentami potwierdzaj\u0105cymi spe\u0142nianie przez kandydat\u00f3w warunk\u00f3w lub kryteri\u00f3w branych pod uwag\u0119 w postepowaniu rekrutacyjnym<\/td>\n<td width=\"123\">od 12.02.2026 r.<br \/>\ndo 04.03.2026 r.do godz. 15.<sup>00<\/sup><\/td>\n<td width=\"123\">od 20.04.2026 r.<br \/>\ndo 28.04.2026 r.do godz. 15.<sup>00<\/sup><\/p>\n<p>&nbsp;<\/td>\n<\/tr>\n<tr>\n<td width=\"36\">3.<\/td>\n<td width=\"315\">Weryfikacja przez komisj\u0119 rekrutacyjn\u0105 wniosk\u00f3w\u00a0 o przyj\u0119cie do przedszkola lub do oddzia\u0142u przedszkolnego wraz z dokumentami potwierdzaj\u0105cymi spe\u0142nianie przez kandydat\u00f3w warunk\u00f3w lub kryteri\u00f3w branych pod uwag\u0119 w postepowaniu rekrutacyjnym<\/td>\n<td width=\"123\">\u00a0do 05.03.2026 r.<\/p>\n<p>do 19.03.2026 r<\/td>\n<td width=\"123\">do 29.04.2026 r.<br \/>\ndo 06.05.2026 r.&nbsp;<\/td>\n<\/tr>\n<tr>\n<td width=\"36\">4.<\/td>\n<td width=\"315\">Podanie do publicznej wiadomo\u015bci przez komisj\u0119 rekrutacyjn\u0105 listy kandydat\u00f3w zakwalifikowanych i kandydat\u00f3w niezakwalifikowanych<\/td>\n<td width=\"123\">20.03.2026 r.<br \/>\ndo godz. 15.<sup>00<\/sup><\/td>\n<td width=\"123\">\u00a007.05.2026 r.<br \/>\ndo godz. 15.<sup>00<\/sup>&nbsp;<\/td>\n<\/tr>\n<tr>\n<td width=\"36\">5.<\/td>\n<td width=\"315\">Potwierdzenie przez rodzica kandydata woli przyj\u0119cia, w formie pisemnego o\u015bwiadczenia<\/td>\n<td width=\"123\">od 23.03.2026 r.<br \/>\ndo 30.03.2026 r.do godz. 15.<sup>00<\/sup><\/td>\n<td width=\"123\">od 08.05.2026 r.<br \/>\ndo 14.05.2026 r.do godz. 15.<sup>00<\/sup><\/td>\n<\/tr>\n<tr>\n<td width=\"36\">6.<\/td>\n<td width=\"315\">Podanie do publicznej wiadomo\u015bci przez komisj\u0119 rekrutacyjn\u0105 listy kandydat\u00f3w przyj\u0119tych i kandydat\u00f3w nieprzyj\u0119tych<\/td>\n<td width=\"123\">31.03.2026 r.<br \/>\ndo godz. 15.<sup>00<\/sup><\/td>\n<td width=\"123\">15.05.2026 r. do godz. 15.<sup>00<\/sup><\/p>\n<p>&nbsp;<\/td>\n<\/tr>\n<\/tbody>\n<\/table>\n<\/td>\n<\/tr>\n<\/tbody>\n<\/table>\n<p><strong>\u00a0<\/strong><\/p>\n<ol>\n<li><strong>Kryteria rekrutacji na poszczeg\u00f3lnych etapach rekrutacji<\/strong><\/li>\n<\/ol>\n<p><strong>Etap I<\/strong><\/p>\n<p>Do przedszkoli i oddzia\u0142\u00f3w przedszkolnych w szko\u0142ach podstawowych przyjmuje si\u0119 kandydat\u00f3w zamieszka\u0142ych na obszarze danej Gminy \u0141apsze Ni\u017cne<\/p>\n<p>W przypadku wi\u0119kszej liczby kandydat\u00f3w spe\u0142niaj\u0105cych ten warunek ni\u017c liczba wolnych miejsc na pierwszym etapie post\u0119powania rekrutacyjnego brane s\u0105 pod uwag\u0119 nast\u0119puj\u0105ce kryteria okre\u015blone w art. 131 ust. 2 ustawy z dnia 14 grudnia 2016 r. \u2013 Prawo o\u015bwiatowe (Dz. U. z 2025 r., poz. 1043 z p\u00f3\u017an. zm.):<\/p>\n<ol>\n<li>wielodzietno\u015b\u0107 rodziny kandydata;<\/li>\n<li>niepe\u0142nosprawno\u015b\u0107 kandydata;<\/li>\n<li>niepe\u0142nosprawno\u015b\u0107 jednego z rodzic\u00f3w kandydata;<\/li>\n<li>niepe\u0142nosprawno\u015b\u0107 obojga rodzic\u00f3w kandydata;<\/li>\n<li>niepe\u0142nosprawno\u015b\u0107 rodze\u0144stwa kandydata;<\/li>\n<li>samotne wychowywanie kandydata w rodzinie;<\/li>\n<li>obj\u0119cie kandydata piecz\u0105 zast\u0119pcz\u0105.<\/li>\n<\/ol>\n<p>Powy\u017csze kryteria maj\u0105 jednakow\u0105 warto\u015b\u0107.<\/p>\n<p><strong>Etap II<\/strong><\/p>\n<p>W przypadku r\u00f3wnorz\u0119dnych wynik\u00f3w uzyskanych na pierwszym etapie post\u0119powania rekrutacyjnego lub je\u017celi po zako\u0144czeniu tego etapu dane publiczne przedszkole albo oddzia\u0142 przedszkolny w szkole podstawowej nadal dysponuje wolnymi miejscami, na drugim etapie post\u0119powania rekrutacyjnego s\u0105 brane pod uwag\u0119 nast\u0119puj\u0105ce kryteria okre\u015blone w uchwale Nr XXVII-229\/17 Rady Gminy \u0141apsze Ni\u017cne z dnia 28 marca 2017 roku w sprawie okre\u015blenia kryteri\u00f3w naboru i odpowiadaj\u0105cej im punktacji, uwzgl\u0119dnianych na drugim etapie post\u0119powania rekrutacyjnego do publicznych przedszkoli i oddzia\u0142\u00f3w przedszkolnych w szko\u0142ach podstawowych oraz rodzaj\u00f3w dokument\u00f3w niezb\u0119dnych do potwierdzenia spe\u0142niania tych kryteri\u00f3w z po\u017an.zm.<strong>.<\/strong> (Dz. Urz. Woj. Ma\u0142op. z 2017 r. poz. 2876 )<\/p>\n<table width=\"0\">\n<tbody>\n<tr>\n<td width=\"38\">lp.<\/td>\n<td width=\"264\"><strong>kryterium<\/strong><\/td>\n<td width=\"95\"><strong>liczba punkt\u00f3w<\/strong><\/td>\n<td width=\"223\">dokumenty niezb\u0119dne do potwierdzenia kryteri\u00f3w<\/td>\n<\/tr>\n<tr>\n<td width=\"38\">1<\/td>\n<td width=\"264\">Kandydat obj\u0119ty obowi\u0105zkiem rocznego przygotowania przedszkolnego<\/td>\n<td width=\"95\">10 pkt<\/td>\n<td width=\"223\">O\u015bwiadczenie rodzica\/opiekuna prawnego<\/td>\n<\/tr>\n<tr>\n<td width=\"38\">2<\/td>\n<td width=\"264\">Aktywno\u015b\u0107 zawodowa obojga rodzic\u00f3w\/prawnych opiekun\u00f3w kandydata &#8211; praca lub nauka w trybie dziennym (kryterium stosuje si\u0119 do pracuj\u0105cego lub ucz\u0105cego si\u0119 rodzica\/prawnego opiekuna samotnie wychowuj\u0105cego kandydata)<\/td>\n<td width=\"95\">6 pkt<\/td>\n<td width=\"223\">Za\u015bwiadczenie z zak\u0142adu pracy potwierdzaj\u0105ce zatrudnienie rodzic\u00f3w\/ opiekun\u00f3w (w przypadku samozatrudnienia o\u015bwiadczenie o prowadzeniu dzia\u0142alno\u015bci gospodarczej) lub za\u015bwiadczenie potwierdzaj\u0105ce nauk\u0119 w trybie dziennym;<\/td>\n<\/tr>\n<tr>\n<td width=\"38\">3<\/td>\n<td width=\"264\">Aktywno\u015b\u0107 zawodowa jednego z rodzic\u00f3w\/opiekun\u00f3w prawnych kandydata &#8211; praca lub nauka w trybie dziennym-<\/td>\n<td width=\"95\">3 pkt<\/td>\n<td width=\"223\">Za\u015bwiadczenie z zak\u0142adu pracy potwierdzaj\u0105ce zatrudnienie rodzica\/opiekuna (w przypadku samozatrudnienia o\u015bwiadczenie o prowadzeniu dzia\u0142alno\u015bci gospodarczej) lub za\u015bwiadczenie<\/td>\n<\/tr>\n<tr>\n<td width=\"38\">4<\/td>\n<td width=\"264\">Czas pobytu kandydata w publicznym przedszkolu jest d\u0142u\u017cszy ni\u017c 5h dziennie<\/td>\n<td width=\"95\">za ka\u017cd\u0105 dodatkow\u0105 godzin\u0119 2 pkt<\/td>\n<td width=\"223\">O\u015bwiadczenie dotycz\u0105ce czasu pobytu dziecka w przedszkolu;<\/td>\n<\/tr>\n<\/tbody>\n<\/table>\n<ul>\n<li><strong>REKRUTACJA DO KLAS PIERWSZYCH PUBLICZNYCH SZK\u00d3\u0141 PODSTAWOWYCH<\/strong><\/li>\n<\/ul>\n<ol>\n<li>Dzieci zamieszka\u0142e w obwodzie szko\u0142y podstawowej przyjmowane s\u0105 <strong>z urz\u0119du<\/strong> \u2013 w tym przypadku nie przeprowadza si\u0119 rekrutacji.<\/li>\n<li>Dzieci zamieszka\u0142e poza obwodem danej szko\u0142y przyjmuje si\u0119 w drodze post\u0119powania rekrutacyjnego<\/li>\n<li><strong>Terminy<\/strong><\/li>\n<\/ol>\n<p>Zgodnie z zarz\u0105dzeniem\u00a0Nr W.0050.1.3.2026 W\u00f3jta Gminy \u0141apsze Ni\u017cne z dnia 19 stycznia 2026 r.\u00a0 w sprawie<strong>\u00a0 <\/strong>ustalenia harmonogramu czynno\u015bci w post\u0119powaniu rekrutacyjnym oraz post\u0119powaniu uzupe\u0142niaj\u0105cym na rok szkolny 2026\/2027 do publicznych przedszkoli,\u00a0 oddzia\u0142\u00f3w przedszkolnych w szko\u0142ach podstawowych i do klas pierwszych szk\u00f3\u0142 podstawowych prowadzonych przez Gmin\u0119 \u0141apsze Ni\u017cne<\/p>\n<table>\n<tbody>\n<tr>\n<td width=\"36\">Lp.<\/td>\n<td width=\"312\">Rodzaj czynno\u015bci<\/td>\n<td width=\"132\">Terminy w postepowaniu rekrutacyjnym<\/td>\n<td width=\"134\">Terminy w postepowaniu uzupe\u0142niaj\u0105cy<\/td>\n<\/tr>\n<tr>\n<td width=\"36\">1.<\/td>\n<td width=\"312\">Z\u0142o\u017cenie wniosku\u00a0 o przyj\u0119cie do szko\u0142y podstawowej\u00a0 wraz z dokumentami potwierdzaj\u0105cymi spe\u0142nianie przez kandydat\u00f3w warunk\u00f3w lub kryteri\u00f3w branych pod uwag\u0119 w postepowaniu rekrutacyjnym<\/td>\n<td width=\"132\">od 16.02.2026 r.<br \/>\ndo 05.03.2026 r.do godz. 15.<sup>00<\/sup><\/td>\n<td width=\"134\">od 10.08.2026 r.<br \/>\ndo 14.08.2026 r.do godz. 15.<sup>00<\/sup><\/p>\n<p>&nbsp;<\/td>\n<\/tr>\n<tr>\n<td width=\"36\">2.<\/td>\n<td width=\"312\">Weryfikacja przez komisj\u0119 rekrutacyjn\u0105 wniosk\u00f3w\u00a0 o przyj\u0119cie do szko\u0142y podstawowej\u00a0 wraz z dokumentami potwierdzaj\u0105cymi spe\u0142nianie przez kandydat\u00f3w warunk\u00f3w lub kryteri\u00f3w branych pod uwag\u0119 w postepowaniu rekrutacyjnym<\/td>\n<td width=\"132\">\u00a0od 06.03.2026 r. do 19.03.2026 r.<\/td>\n<td width=\"134\">od 17.08.2026 r. do 20.08.2026 r.<\/p>\n<p>&nbsp;<\/td>\n<\/tr>\n<tr>\n<td width=\"36\">3.<\/td>\n<td width=\"312\">Podanie do publicznej wiadomo\u015bci przez komisj\u0119 rekrutacyjn\u0105 listy kandydat\u00f3w zakwalifikowanych i kandydat\u00f3w niezakwalifikowanych<\/td>\n<td width=\"132\">\u00a020.03.2026 r.<br \/>\ndo godz. 15.<sup>00<\/sup><\/td>\n<td width=\"134\">21.08.2026 r.<br \/>\ndo godz. 15.<sup>00<\/sup>&nbsp;<\/td>\n<\/tr>\n<tr>\n<td width=\"36\">4.<\/td>\n<td width=\"312\">Potwierdzenie przez rodzica kandydata woli przyj\u0119cia, w formie pisemnego o\u015bwiadczenia<\/td>\n<td width=\"132\">od 23.03.2026 r.<br \/>\ndo 26.03.2026 r.do godz. 15.<sup>00<\/sup><\/td>\n<td width=\"134\">od 24.08.2026 r.<br \/>\ndo 26.08.2026 r.do godz. 15.<sup>00<\/sup><\/p>\n<p>&nbsp;<\/td>\n<\/tr>\n<tr>\n<td width=\"36\">5.<\/td>\n<td width=\"312\">Podanie do publicznej wiadomo\u015bci przez komisj\u0119 rekrutacyjn\u0105 listy kandydat\u00f3w przyj\u0119tych i kandydat\u00f3w nieprzyj\u0119tych<\/td>\n<td width=\"132\">\u00a027.03.2026 r.<br \/>\ndo godz. 15.<sup>00<\/sup><\/td>\n<td width=\"134\">27.08.2026 r.<br \/>\ndo godz. 15.<sup>00<\/sup>&nbsp;<\/td>\n<\/tr>\n<\/tbody>\n<\/table>\n<p>&nbsp;<\/p>\n<ol start=\"2\">\n<li><strong>Kryteria rekrutacji dla kandydat\u00f3w zamieszka\u0142ych poza obwodem szko\u0142y<\/strong><\/li>\n<\/ol>\n<p>W post\u0119powaniu rekrutacyjnym do klas pierwszych, dla kandydat\u00f3w zamieszka\u0142ych poza obwodem danej szko\u0142y podstawowej brane s\u0105 pod uwag\u0119 nast\u0119puj\u0105ce kryteria okre\u015blone w uchwale Nr XXVII-228\/17 Rady Gminy \u0141apsze Ni\u017cne z dnia 28 marca 2017 roku w sprawie okre\u015blenia kryteri\u00f3w w post\u0119powaniu rekrutacyjnym do klas I publicznych szk\u00f3\u0142 podstawowych prowadzonych przez Gmin\u0119 \u0141apsze Ni\u017cne .<strong>.<\/strong> \u00a0(Dz. Urz. Woj. Ma\u0142op. z 2017 r. poz. 2451 )<strong>.<\/strong><\/p>\n<table width=\"0\">\n<tbody>\n<tr>\n<td width=\"36\">lp.<\/td>\n<td width=\"323\"><strong>kryterium<\/strong><\/td>\n<td width=\"79\"><strong>liczba punkt\u00f3w<\/strong><\/td>\n<td width=\"167\">dokumenty niezb\u0119dne do potwierdzenia kryteri\u00f3w<\/td>\n<\/tr>\n<tr>\n<td width=\"36\"><strong>1<\/strong><\/td>\n<td width=\"323\">kandydat ucz\u0119szcza\u0142 do przedszkola lub oddzia\u0142u przedszkolnego wchodz\u0105cego w\u00a0sk\u0142ad szko\u0142y lub zespo\u0142u<\/td>\n<td width=\"79\">12 pkt<\/td>\n<td rowspan=\"4\" width=\"167\">Dokumentami potwierdzaj\u0105cymi spe\u0142nianie kryteri\u00f3w,\u00a0 jest o\u015bwiadczenie rodzic\u00f3w (opiekun\u00f3w prawnych), wz\u00f3r o\u015bwiadczenia Za\u0142\u0105cznik Nr\u00a01\u00a0do uchwa\u0142y<\/td>\n<\/tr>\n<tr>\n<td width=\"36\"><strong>2<\/strong><\/td>\n<td width=\"323\">rodze\u0144stwo kandydata realizuje wychowanie przedszkolne\/obowi\u0105zek szkolny w\u00a0danej szkole<\/td>\n<td width=\"79\">8 pkt<\/td>\n<\/tr>\n<tr>\n<td width=\"36\"><strong>3<\/strong><\/td>\n<td width=\"323\">w obwodzie szko\u0142y zamieszkuj\u0105 krewni dziecka (np. babcia, dziadek) wspieraj\u0105cy rodzic\u00f3w\/prawnych opiekun\u00f3w w\u00a0zapewnieniu mu nale\u017cytej opieki<\/td>\n<td width=\"79\">4 pkt<\/td>\n<\/tr>\n<tr>\n<td width=\"36\"><strong>4<\/strong><\/td>\n<td width=\"323\">droga do szko\u0142y jest\u00a0 kr\u00f3tsza, ni\u017c do szko\u0142y znajduj\u0105cej si\u0119 w\u00a0obwodzie szko\u0142y w\u0142a\u015bciwym dla jego miejsca zamieszkania<\/td>\n<td width=\"79\">2 pkt<\/td>\n<\/tr>\n<\/tbody>\n<\/table>\n","protected":false},"excerpt":{"rendered":"<p>REKRUTACJA DO PRZEDSZKOLI \/ ODDZIA\u0141\u00d3W PRZEDSZKOLNYCH PRZY SZKOLE PODSTAWOWEJ Sk\u0142adanie wniosk\u00f3w Rodzice mog\u0105 ubiega\u0107 si\u0119 o przyj\u0119cie dziecka do trzech przedszkoli, wskazuj\u0105c je w kolejno\u015bci preferencji. Plac\u00f3wka wskazana jako pierwsza to przedszkole pierwszego wyboru. Wniosek o przyj\u0119cie dziecka wraz z <a href=\"https:\/\/splapszanka.lapszenizne.pl\/index.php\/rekrutacja-2026-2027\/\" class=\"read-more\">Czytaj Dalej<\/a><\/p>\n","protected":false},"author":3,"featured_media":3463,"parent":0,"menu_order":0,"comment_status":"closed","ping_status":"closed","template":"","meta":{"footnotes":""},"class_list":["post-3466","page","type-page","status-publish","has-post-thumbnail","hentry"],"yoast_head":"<!-- This site is optimized with the Yoast SEO plugin v27.0 - https:\/\/yoast.com\/product\/yoast-seo-wordpress\/ -->\n<title>Rekrutacja 2026\/2027 - Szko\u0142a Podstawowa w \u0141apszance<\/title>\n<meta name=\"robots\" content=\"index, follow, max-snippet:-1, max-image-preview:large, max-video-preview:-1\" \/>\n<link rel=\"canonical\" href=\"https:\/\/splapszanka.lapszenizne.pl\/index.php\/rekrutacja-2026-2027\/\" \/>\n<meta property=\"og:locale\" content=\"pl_PL\" \/>\n<meta property=\"og:type\" content=\"article\" \/>\n<meta property=\"og:title\" content=\"Rekrutacja 2026\/2027 - Szko\u0142a Podstawowa w \u0141apszance\" \/>\n<meta property=\"og:description\" content=\"REKRUTACJA DO PRZEDSZKOLI \/ ODDZIA\u0141\u00d3W PRZEDSZKOLNYCH PRZY SZKOLE PODSTAWOWEJ Sk\u0142adanie wniosk\u00f3w Rodzice mog\u0105 ubiega\u0107 si\u0119 o przyj\u0119cie dziecka do trzech przedszkoli, wskazuj\u0105c je w kolejno\u015bci preferencji. Plac\u00f3wka wskazana jako pierwsza to przedszkole pierwszego wyboru. Wniosek o przyj\u0119cie dziecka wraz z Czytaj Dalej\" \/>\n<meta property=\"og:url\" content=\"https:\/\/splapszanka.lapszenizne.pl\/index.php\/rekrutacja-2026-2027\/\" \/>\n<meta property=\"og:site_name\" content=\"Szko\u0142a Podstawowa w \u0141apszance\" \/>\n<meta property=\"article:modified_time\" content=\"2026-01-29T21:15:41+00:00\" \/>\n<meta property=\"og:image\" content=\"https:\/\/splapszanka.lapszenizne.pl\/wp-content\/uploads\/2026\/01\/Rekrutacja-jpg.jpg\" \/>\n\t<meta property=\"og:image:width\" content=\"1754\" \/>\n\t<meta property=\"og:image:height\" content=\"1240\" \/>\n\t<meta property=\"og:image:type\" content=\"image\/jpeg\" \/>\n<meta name=\"twitter:card\" content=\"summary_large_image\" \/>\n<meta name=\"twitter:label1\" content=\"Szacowany czas czytania\" \/>\n\t<meta name=\"twitter:data1\" content=\"7 minut\" \/>\n<script type=\"application\/ld+json\" class=\"yoast-schema-graph\">{\"@context\":\"https:\/\/schema.org\",\"@graph\":[{\"@type\":\"WebPage\",\"@id\":\"https:\/\/splapszanka.lapszenizne.pl\/index.php\/rekrutacja-2026-2027\/\",\"url\":\"https:\/\/splapszanka.lapszenizne.pl\/index.php\/rekrutacja-2026-2027\/\",\"name\":\"Rekrutacja 2026\/2027 - Szko\u0142a Podstawowa w \u0141apszance\",\"isPartOf\":{\"@id\":\"https:\/\/splapszanka.lapszenizne.pl\/#website\"},\"primaryImageOfPage\":{\"@id\":\"https:\/\/splapszanka.lapszenizne.pl\/index.php\/rekrutacja-2026-2027\/#primaryimage\"},\"image\":{\"@id\":\"https:\/\/splapszanka.lapszenizne.pl\/index.php\/rekrutacja-2026-2027\/#primaryimage\"},\"thumbnailUrl\":\"https:\/\/splapszanka.lapszenizne.pl\/wp-content\/uploads\/2026\/01\/Rekrutacja-jpg.jpg\",\"datePublished\":\"2026-01-29T20:40:58+00:00\",\"dateModified\":\"2026-01-29T21:15:41+00:00\",\"breadcrumb\":{\"@id\":\"https:\/\/splapszanka.lapszenizne.pl\/index.php\/rekrutacja-2026-2027\/#breadcrumb\"},\"inLanguage\":\"pl-PL\",\"potentialAction\":[{\"@type\":\"ReadAction\",\"target\":[\"https:\/\/splapszanka.lapszenizne.pl\/index.php\/rekrutacja-2026-2027\/\"]}]},{\"@type\":\"ImageObject\",\"inLanguage\":\"pl-PL\",\"@id\":\"https:\/\/splapszanka.lapszenizne.pl\/index.php\/rekrutacja-2026-2027\/#primaryimage\",\"url\":\"https:\/\/splapszanka.lapszenizne.pl\/wp-content\/uploads\/2026\/01\/Rekrutacja-jpg.jpg\",\"contentUrl\":\"https:\/\/splapszanka.lapszenizne.pl\/wp-content\/uploads\/2026\/01\/Rekrutacja-jpg.jpg\",\"width\":1754,\"height\":1240},{\"@type\":\"BreadcrumbList\",\"@id\":\"https:\/\/splapszanka.lapszenizne.pl\/index.php\/rekrutacja-2026-2027\/#breadcrumb\",\"itemListElement\":[{\"@type\":\"ListItem\",\"position\":1,\"name\":\"Strona g\u0142\u00f3wna\",\"item\":\"https:\/\/splapszanka.lapszenizne.pl\/\"},{\"@type\":\"ListItem\",\"position\":2,\"name\":\"Rekrutacja 2026\/2027\"}]},{\"@type\":\"WebSite\",\"@id\":\"https:\/\/splapszanka.lapszenizne.pl\/#website\",\"url\":\"https:\/\/splapszanka.lapszenizne.pl\/\",\"name\":\"Szko\u0142a Podstawowa w \u0141apszance\",\"description\":\"\u0141apszanka ul. D\u0142uga 35,  34-442 \u0141apsze Ni\u017cne,  woj. ma\u0142opolskie\",\"publisher\":{\"@id\":\"https:\/\/splapszanka.lapszenizne.pl\/#organization\"},\"potentialAction\":[{\"@type\":\"SearchAction\",\"target\":{\"@type\":\"EntryPoint\",\"urlTemplate\":\"https:\/\/splapszanka.lapszenizne.pl\/?s={search_term_string}\"},\"query-input\":{\"@type\":\"PropertyValueSpecification\",\"valueRequired\":true,\"valueName\":\"search_term_string\"}}],\"inLanguage\":\"pl-PL\"},{\"@type\":\"Organization\",\"@id\":\"https:\/\/splapszanka.lapszenizne.pl\/#organization\",\"name\":\"Szko\u0142a Podstawowa w \u0141apszance\",\"url\":\"https:\/\/splapszanka.lapszenizne.pl\/\",\"logo\":{\"@type\":\"ImageObject\",\"inLanguage\":\"pl-PL\",\"@id\":\"https:\/\/splapszanka.lapszenizne.pl\/#\/schema\/logo\/image\/\",\"url\":\"https:\/\/splapszanka.lapszenizne.pl\/wp-content\/uploads\/2020\/03\/cropped-75328783_1588584124617847_5132413514161324032_o.jpg\",\"contentUrl\":\"https:\/\/splapszanka.lapszenizne.pl\/wp-content\/uploads\/2020\/03\/cropped-75328783_1588584124617847_5132413514161324032_o.jpg\",\"width\":1830,\"height\":1202,\"caption\":\"Szko\u0142a Podstawowa w \u0141apszance\"},\"image\":{\"@id\":\"https:\/\/splapszanka.lapszenizne.pl\/#\/schema\/logo\/image\/\"}}]}<\/script>\n<!-- \/ Yoast SEO plugin. -->","yoast_head_json":{"title":"Rekrutacja 2026\/2027 - Szko\u0142a Podstawowa w \u0141apszance","robots":{"index":"index","follow":"follow","max-snippet":"max-snippet:-1","max-image-preview":"max-image-preview:large","max-video-preview":"max-video-preview:-1"},"canonical":"https:\/\/splapszanka.lapszenizne.pl\/index.php\/rekrutacja-2026-2027\/","og_locale":"pl_PL","og_type":"article","og_title":"Rekrutacja 2026\/2027 - Szko\u0142a Podstawowa w \u0141apszance","og_description":"REKRUTACJA DO PRZEDSZKOLI \/ ODDZIA\u0141\u00d3W PRZEDSZKOLNYCH PRZY SZKOLE PODSTAWOWEJ Sk\u0142adanie wniosk\u00f3w Rodzice mog\u0105 ubiega\u0107 si\u0119 o przyj\u0119cie dziecka do trzech przedszkoli, wskazuj\u0105c je w kolejno\u015bci preferencji. Plac\u00f3wka wskazana jako pierwsza to przedszkole pierwszego wyboru. Wniosek o przyj\u0119cie dziecka wraz z Czytaj Dalej","og_url":"https:\/\/splapszanka.lapszenizne.pl\/index.php\/rekrutacja-2026-2027\/","og_site_name":"Szko\u0142a Podstawowa w \u0141apszance","article_modified_time":"2026-01-29T21:15:41+00:00","og_image":[{"width":1754,"height":1240,"url":"https:\/\/splapszanka.lapszenizne.pl\/wp-content\/uploads\/2026\/01\/Rekrutacja-jpg.jpg","type":"image\/jpeg"}],"twitter_card":"summary_large_image","twitter_misc":{"Szacowany czas czytania":"7 minut"},"schema":{"@context":"https:\/\/schema.org","@graph":[{"@type":"WebPage","@id":"https:\/\/splapszanka.lapszenizne.pl\/index.php\/rekrutacja-2026-2027\/","url":"https:\/\/splapszanka.lapszenizne.pl\/index.php\/rekrutacja-2026-2027\/","name":"Rekrutacja 2026\/2027 - Szko\u0142a Podstawowa w \u0141apszance","isPartOf":{"@id":"https:\/\/splapszanka.lapszenizne.pl\/#website"},"primaryImageOfPage":{"@id":"https:\/\/splapszanka.lapszenizne.pl\/index.php\/rekrutacja-2026-2027\/#primaryimage"},"image":{"@id":"https:\/\/splapszanka.lapszenizne.pl\/index.php\/rekrutacja-2026-2027\/#primaryimage"},"thumbnailUrl":"https:\/\/splapszanka.lapszenizne.pl\/wp-content\/uploads\/2026\/01\/Rekrutacja-jpg.jpg","datePublished":"2026-01-29T20:40:58+00:00","dateModified":"2026-01-29T21:15:41+00:00","breadcrumb":{"@id":"https:\/\/splapszanka.lapszenizne.pl\/index.php\/rekrutacja-2026-2027\/#breadcrumb"},"inLanguage":"pl-PL","potentialAction":[{"@type":"ReadAction","target":["https:\/\/splapszanka.lapszenizne.pl\/index.php\/rekrutacja-2026-2027\/"]}]},{"@type":"ImageObject","inLanguage":"pl-PL","@id":"https:\/\/splapszanka.lapszenizne.pl\/index.php\/rekrutacja-2026-2027\/#primaryimage","url":"https:\/\/splapszanka.lapszenizne.pl\/wp-content\/uploads\/2026\/01\/Rekrutacja-jpg.jpg","contentUrl":"https:\/\/splapszanka.lapszenizne.pl\/wp-content\/uploads\/2026\/01\/Rekrutacja-jpg.jpg","width":1754,"height":1240},{"@type":"BreadcrumbList","@id":"https:\/\/splapszanka.lapszenizne.pl\/index.php\/rekrutacja-2026-2027\/#breadcrumb","itemListElement":[{"@type":"ListItem","position":1,"name":"Strona g\u0142\u00f3wna","item":"https:\/\/splapszanka.lapszenizne.pl\/"},{"@type":"ListItem","position":2,"name":"Rekrutacja 2026\/2027"}]},{"@type":"WebSite","@id":"https:\/\/splapszanka.lapszenizne.pl\/#website","url":"https:\/\/splapszanka.lapszenizne.pl\/","name":"Szko\u0142a Podstawowa w \u0141apszance","description":"\u0141apszanka ul. D\u0142uga 35,  34-442 \u0141apsze Ni\u017cne,  woj. ma\u0142opolskie","publisher":{"@id":"https:\/\/splapszanka.lapszenizne.pl\/#organization"},"potentialAction":[{"@type":"SearchAction","target":{"@type":"EntryPoint","urlTemplate":"https:\/\/splapszanka.lapszenizne.pl\/?s={search_term_string}"},"query-input":{"@type":"PropertyValueSpecification","valueRequired":true,"valueName":"search_term_string"}}],"inLanguage":"pl-PL"},{"@type":"Organization","@id":"https:\/\/splapszanka.lapszenizne.pl\/#organization","name":"Szko\u0142a Podstawowa w \u0141apszance","url":"https:\/\/splapszanka.lapszenizne.pl\/","logo":{"@type":"ImageObject","inLanguage":"pl-PL","@id":"https:\/\/splapszanka.lapszenizne.pl\/#\/schema\/logo\/image\/","url":"https:\/\/splapszanka.lapszenizne.pl\/wp-content\/uploads\/2020\/03\/cropped-75328783_1588584124617847_5132413514161324032_o.jpg","contentUrl":"https:\/\/splapszanka.lapszenizne.pl\/wp-content\/uploads\/2020\/03\/cropped-75328783_1588584124617847_5132413514161324032_o.jpg","width":1830,"height":1202,"caption":"Szko\u0142a Podstawowa w \u0141apszance"},"image":{"@id":"https:\/\/splapszanka.lapszenizne.pl\/#\/schema\/logo\/image\/"}}]}},"_links":{"self":[{"href":"https:\/\/splapszanka.lapszenizne.pl\/index.php\/wp-json\/wp\/v2\/pages\/3466","targetHints":{"allow":["GET"]}}],"collection":[{"href":"https:\/\/splapszanka.lapszenizne.pl\/index.php\/wp-json\/wp\/v2\/pages"}],"about":[{"href":"https:\/\/splapszanka.lapszenizne.pl\/index.php\/wp-json\/wp\/v2\/types\/page"}],"author":[{"embeddable":true,"href":"https:\/\/splapszanka.lapszenizne.pl\/index.php\/wp-json\/wp\/v2\/users\/3"}],"replies":[{"embeddable":true,"href":"https:\/\/splapszanka.lapszenizne.pl\/index.php\/wp-json\/wp\/v2\/comments?post=3466"}],"version-history":[{"count":5,"href":"https:\/\/splapszanka.lapszenizne.pl\/index.php\/wp-json\/wp\/v2\/pages\/3466\/revisions"}],"predecessor-version":[{"id":3473,"href":"https:\/\/splapszanka.lapszenizne.pl\/index.php\/wp-json\/wp\/v2\/pages\/3466\/revisions\/3473"}],"wp:featuredmedia":[{"embeddable":true,"href":"https:\/\/splapszanka.lapszenizne.pl\/index.php\/wp-json\/wp\/v2\/media\/3463"}],"wp:attachment":[{"href":"https:\/\/splapszanka.lapszenizne.pl\/index.php\/wp-json\/wp\/v2\/media?parent=3466"}],"curies":[{"name":"wp","href":"https:\/\/api.w.org\/{rel}","templated":true}]}}