{"id":338,"date":"2019-11-26T20:29:24","date_gmt":"2019-11-26T19:29:24","guid":{"rendered":"https:\/\/oldlapszanka.lapszenizne.pl\/?page_id=338"},"modified":"2024-06-04T13:43:41","modified_gmt":"2024-06-04T11:43:41","slug":"informacje","status":"publish","type":"page","link":"https:\/\/splapszanka.lapszenizne.pl\/index.php\/informacje\/","title":{"rendered":"RODO"},"content":{"rendered":"<p><strong>INFORMACJA DOTYCZ\u0104CA PRZETWARZANIA DANYCH OSOBOWYCH<\/strong><\/p>\n<p><strong>\u00a0<\/strong>W zwi\u0105zku z przetwarzaniem Pani\/Pana danych osobowych oraz danych osobowych Pani\/Pana dziecka informujemy \u2013 zgodnie z art. 13 ust 1 i ust. 2 oraz z art. 14 Rozporz\u0105dzenia Parlamentu Europejskiego i Rady (UE) 2016\/679 z dnia 27.04.2016r. w sprawie ochrony os\u00f3b fizycznych w zwi\u0105zku z przetwarzaniem danych osobowych i w sprawie swobodnego przep\u0142ywu takich danych oraz uchylenia dyrektywy 95\/46\/WE (og\u00f3lne rozporz\u0105dzenie o ochronie danych) ( Dz. Urz. UE L z 04.05.2016 r, Nr 119, s. 1) zwanego dalej \u201eRODO\u201d i\u017c:<\/p>\n<p><strong>I. ADMINISTRATOR DANYCH<\/strong><\/p>\n<p>Administratorem Pani\/Pana danych osobowych jest Szko\u0142a Podstawowa w \u0141apszance \u2013 z siedzib\u0105 w \u0141apszanka, ul. D\u0142uga 35, 34 \u2013 442 \u0141apsze Ni\u017cne. Z Administratorem mo\u017cna si\u0119 kontaktowa\u0107 pisemnie za pomoc\u0105 poczty tradycyjnej pod w\/w adresem, poprzez email: splapszanka@lapszenizne.pl lub telefonicznie pod numerem telefonu: 18 26 59 950.<\/p>\n<p><strong>II. INSPEKTOR OCHRONY DANYCH<\/strong><\/p>\n<p>Administrator wyznaczy\u0142 Inspektora Ochrony Danych, z kt\u00f3rym mo\u017cna si\u0119 kontaktowa\u0107 pod adresem: Szko\u0142a Podstawowa w \u0141apszance \u2013 z siedzib\u0105 w \u0141apszanka, ul. D\u0142uga 35, 34 \u2013 442 \u0141apsze Ni\u017cne, poprzez email: <a href=\"mailto:iod@iods.pl\">iod@iods.pl<\/a>.<\/p>\n<p><span style=\"color: #0000ff;\"><strong><a style=\"color: #0000ff;\" href=\"https:\/\/splapszanka.lapszenizne.pl\/wp-content\/uploads\/2022\/03\/Klauzula-informacyjna-Szkola-Podstawowa-w-Lapszance.docx\">Klauzula informacyjna &#8211; Szko\u0142a Podstawowa w \u0141apszance<\/a><\/strong><\/span><\/p>\n<p><span style=\"color: #0000ff;\"><strong><a style=\"color: #0000ff;\" href=\"https:\/\/splapszanka.lapszenizne.pl\/wp-content\/uploads\/2023\/11\/Klauzula-informacyjna-rekrutacja-uczniow.docx\">Klauzula informacyjna &#8211; rekrutacja uczni\u00f3w<\/a><\/strong><\/span><\/p>\n<p><span style=\"color: #0000ff;\"><strong><a style=\"color: #0000ff;\" href=\"https:\/\/splapszanka.lapszenizne.pl\/wp-content\/uploads\/2023\/11\/Klauzula-informacyjna-monitoring-wizyjny-1.docx\">Klauzula informacyjna &#8211; monitoring wizyjny <\/a><\/strong><\/span><\/p>\n<p><span style=\"color: #0000ff;\"><strong><a style=\"color: #0000ff;\" href=\"https:\/\/splapszanka.lapszenizne.pl\/wp-content\/uploads\/2023\/11\/Klauzula-informacyjna-odbior-ucznia.docx\">Klauzula informacyjna &#8211; odbi\u00f3r ucznia<\/a><\/strong><\/span><\/p>\n<p><span style=\"color: #0000ff;\"><strong><a style=\"color: #0000ff;\" href=\"https:\/\/splapszanka.lapszenizne.pl\/wp-content\/uploads\/2023\/11\/Klauzula-informacyjna-rekrutacja-pracownika-admnistracyjnego-umowa-kodeksowa.docx\">Klauzula informacyjna &#8211; rekrutacja pracownika admnistracyjnego &#8211; umowa kodeksowa<\/a><\/strong><\/span><\/p>\n<p><a href=\"https:\/\/splapszanka.lapszenizne.pl\/wp-content\/uploads\/2022\/05\/Klauzula-informacyjna-w-jezyku-ukrainskim.docx\"><span style=\"color: #0000ff;\">INFORMACJA DOTYCZ\u0104CA PRZETWARZANIA DANYCH OSOBOWYCH &#8211; W J\u0118ZYKU UKRAI\u0143SKIM \/\u00a0<strong><span lang=\"uk\">\u00a0\u0406\u041d\u0424\u041e\u0420\u041c\u0410\u0426\u0406\u042f \u041f\u0420\u041e \u041e\u0411\u0420\u041e\u0411\u041a\u0423 \u041f\u0415\u0420\u0421\u041e\u041d\u0410\u041b\u042c\u041d\u0418\u0425 \u0414\u0410\u041d\u0418\u0425<\/span><\/strong><\/span><\/a><\/p>\n<p><strong><span style=\"font-size: 16px;\"><a href=\"https:\/\/splapszanka.lapszenizne.pl\/wp-content\/uploads\/2024\/06\/Strona-internetowa_Polityka-Prywatnosci-i-Ochrony-Danych-Osobowych-RODO.docx\">Strona internetowa Polityka Prywatno\u015bci i Ochrony Danych Osobowych RODO<\/a><\/span><\/strong><\/p>\n","protected":false},"excerpt":{"rendered":"<p>INFORMACJA DOTYCZ\u0104CA PRZETWARZANIA DANYCH OSOBOWYCH \u00a0W zwi\u0105zku z przetwarzaniem Pani\/Pana danych osobowych oraz danych osobowych Pani\/Pana dziecka informujemy \u2013 zgodnie z art. 13 ust 1 i ust. 2 oraz z art. 14 Rozporz\u0105dzenia Parlamentu Europejskiego i Rady (UE) 2016\/679 z <a href=\"https:\/\/splapszanka.lapszenizne.pl\/index.php\/informacje\/\" class=\"read-more\">Czytaj Dalej<\/a><\/p>\n","protected":false},"author":2,"featured_media":0,"parent":0,"menu_order":0,"comment_status":"closed","ping_status":"closed","template":"","meta":{"footnotes":""},"class_list":["post-338","page","type-page","status-publish","hentry"],"yoast_head":"<!-- This site is optimized with the Yoast SEO plugin v27.0 - https:\/\/yoast.com\/product\/yoast-seo-wordpress\/ -->\n<title>RODO - Szko\u0142a Podstawowa w \u0141apszance<\/title>\n<meta name=\"robots\" content=\"index, follow, max-snippet:-1, max-image-preview:large, max-video-preview:-1\" \/>\n<link rel=\"canonical\" href=\"https:\/\/splapszanka.lapszenizne.pl\/index.php\/informacje\/\" \/>\n<meta property=\"og:locale\" content=\"pl_PL\" \/>\n<meta property=\"og:type\" content=\"article\" \/>\n<meta property=\"og:title\" content=\"RODO - Szko\u0142a Podstawowa w \u0141apszance\" \/>\n<meta property=\"og:description\" content=\"INFORMACJA DOTYCZ\u0104CA PRZETWARZANIA DANYCH OSOBOWYCH \u00a0W zwi\u0105zku z przetwarzaniem Pani\/Pana danych osobowych oraz danych osobowych Pani\/Pana dziecka informujemy \u2013 zgodnie z art. 13 ust 1 i ust. 2 oraz z art. 14 Rozporz\u0105dzenia Parlamentu Europejskiego i Rady (UE) 2016\/679 z Czytaj Dalej\" \/>\n<meta property=\"og:url\" content=\"https:\/\/splapszanka.lapszenizne.pl\/index.php\/informacje\/\" \/>\n<meta property=\"og:site_name\" content=\"Szko\u0142a Podstawowa w \u0141apszance\" \/>\n<meta property=\"article:modified_time\" content=\"2024-06-04T11:43:41+00:00\" \/>\n<meta name=\"twitter:card\" content=\"summary_large_image\" \/>\n<meta name=\"twitter:label1\" content=\"Szacowany czas czytania\" \/>\n\t<meta name=\"twitter:data1\" content=\"1 minuta\" \/>\n<script type=\"application\/ld+json\" class=\"yoast-schema-graph\">{\"@context\":\"https:\/\/schema.org\",\"@graph\":[{\"@type\":\"WebPage\",\"@id\":\"https:\/\/splapszanka.lapszenizne.pl\/index.php\/informacje\/\",\"url\":\"https:\/\/splapszanka.lapszenizne.pl\/index.php\/informacje\/\",\"name\":\"RODO - Szko\u0142a Podstawowa w \u0141apszance\",\"isPartOf\":{\"@id\":\"https:\/\/splapszanka.lapszenizne.pl\/#website\"},\"datePublished\":\"2019-11-26T19:29:24+00:00\",\"dateModified\":\"2024-06-04T11:43:41+00:00\",\"breadcrumb\":{\"@id\":\"https:\/\/splapszanka.lapszenizne.pl\/index.php\/informacje\/#breadcrumb\"},\"inLanguage\":\"pl-PL\",\"potentialAction\":[{\"@type\":\"ReadAction\",\"target\":[\"https:\/\/splapszanka.lapszenizne.pl\/index.php\/informacje\/\"]}]},{\"@type\":\"BreadcrumbList\",\"@id\":\"https:\/\/splapszanka.lapszenizne.pl\/index.php\/informacje\/#breadcrumb\",\"itemListElement\":[{\"@type\":\"ListItem\",\"position\":1,\"name\":\"Strona g\u0142\u00f3wna\",\"item\":\"https:\/\/splapszanka.lapszenizne.pl\/\"},{\"@type\":\"ListItem\",\"position\":2,\"name\":\"RODO\"}]},{\"@type\":\"WebSite\",\"@id\":\"https:\/\/splapszanka.lapszenizne.pl\/#website\",\"url\":\"https:\/\/splapszanka.lapszenizne.pl\/\",\"name\":\"Szko\u0142a Podstawowa w \u0141apszance\",\"description\":\"\u0141apszanka ul. D\u0142uga 35,  34-442 \u0141apsze Ni\u017cne,  woj. ma\u0142opolskie\",\"publisher\":{\"@id\":\"https:\/\/splapszanka.lapszenizne.pl\/#organization\"},\"potentialAction\":[{\"@type\":\"SearchAction\",\"target\":{\"@type\":\"EntryPoint\",\"urlTemplate\":\"https:\/\/splapszanka.lapszenizne.pl\/?s={search_term_string}\"},\"query-input\":{\"@type\":\"PropertyValueSpecification\",\"valueRequired\":true,\"valueName\":\"search_term_string\"}}],\"inLanguage\":\"pl-PL\"},{\"@type\":\"Organization\",\"@id\":\"https:\/\/splapszanka.lapszenizne.pl\/#organization\",\"name\":\"Szko\u0142a Podstawowa w \u0141apszance\",\"url\":\"https:\/\/splapszanka.lapszenizne.pl\/\",\"logo\":{\"@type\":\"ImageObject\",\"inLanguage\":\"pl-PL\",\"@id\":\"https:\/\/splapszanka.lapszenizne.pl\/#\/schema\/logo\/image\/\",\"url\":\"https:\/\/splapszanka.lapszenizne.pl\/wp-content\/uploads\/2020\/03\/cropped-75328783_1588584124617847_5132413514161324032_o.jpg\",\"contentUrl\":\"https:\/\/splapszanka.lapszenizne.pl\/wp-content\/uploads\/2020\/03\/cropped-75328783_1588584124617847_5132413514161324032_o.jpg\",\"width\":1830,\"height\":1202,\"caption\":\"Szko\u0142a Podstawowa w \u0141apszance\"},\"image\":{\"@id\":\"https:\/\/splapszanka.lapszenizne.pl\/#\/schema\/logo\/image\/\"}}]}<\/script>\n<!-- \/ Yoast SEO plugin. -->","yoast_head_json":{"title":"RODO - Szko\u0142a Podstawowa w \u0141apszance","robots":{"index":"index","follow":"follow","max-snippet":"max-snippet:-1","max-image-preview":"max-image-preview:large","max-video-preview":"max-video-preview:-1"},"canonical":"https:\/\/splapszanka.lapszenizne.pl\/index.php\/informacje\/","og_locale":"pl_PL","og_type":"article","og_title":"RODO - Szko\u0142a Podstawowa w \u0141apszance","og_description":"INFORMACJA DOTYCZ\u0104CA PRZETWARZANIA DANYCH OSOBOWYCH \u00a0W zwi\u0105zku z przetwarzaniem Pani\/Pana danych osobowych oraz danych osobowych Pani\/Pana dziecka informujemy \u2013 zgodnie z art. 13 ust 1 i ust. 2 oraz z art. 14 Rozporz\u0105dzenia Parlamentu Europejskiego i Rady (UE) 2016\/679 z Czytaj Dalej","og_url":"https:\/\/splapszanka.lapszenizne.pl\/index.php\/informacje\/","og_site_name":"Szko\u0142a Podstawowa w \u0141apszance","article_modified_time":"2024-06-04T11:43:41+00:00","twitter_card":"summary_large_image","twitter_misc":{"Szacowany czas czytania":"1 minuta"},"schema":{"@context":"https:\/\/schema.org","@graph":[{"@type":"WebPage","@id":"https:\/\/splapszanka.lapszenizne.pl\/index.php\/informacje\/","url":"https:\/\/splapszanka.lapszenizne.pl\/index.php\/informacje\/","name":"RODO - Szko\u0142a Podstawowa w \u0141apszance","isPartOf":{"@id":"https:\/\/splapszanka.lapszenizne.pl\/#website"},"datePublished":"2019-11-26T19:29:24+00:00","dateModified":"2024-06-04T11:43:41+00:00","breadcrumb":{"@id":"https:\/\/splapszanka.lapszenizne.pl\/index.php\/informacje\/#breadcrumb"},"inLanguage":"pl-PL","potentialAction":[{"@type":"ReadAction","target":["https:\/\/splapszanka.lapszenizne.pl\/index.php\/informacje\/"]}]},{"@type":"BreadcrumbList","@id":"https:\/\/splapszanka.lapszenizne.pl\/index.php\/informacje\/#breadcrumb","itemListElement":[{"@type":"ListItem","position":1,"name":"Strona g\u0142\u00f3wna","item":"https:\/\/splapszanka.lapszenizne.pl\/"},{"@type":"ListItem","position":2,"name":"RODO"}]},{"@type":"WebSite","@id":"https:\/\/splapszanka.lapszenizne.pl\/#website","url":"https:\/\/splapszanka.lapszenizne.pl\/","name":"Szko\u0142a Podstawowa w \u0141apszance","description":"\u0141apszanka ul. D\u0142uga 35,  34-442 \u0141apsze Ni\u017cne,  woj. ma\u0142opolskie","publisher":{"@id":"https:\/\/splapszanka.lapszenizne.pl\/#organization"},"potentialAction":[{"@type":"SearchAction","target":{"@type":"EntryPoint","urlTemplate":"https:\/\/splapszanka.lapszenizne.pl\/?s={search_term_string}"},"query-input":{"@type":"PropertyValueSpecification","valueRequired":true,"valueName":"search_term_string"}}],"inLanguage":"pl-PL"},{"@type":"Organization","@id":"https:\/\/splapszanka.lapszenizne.pl\/#organization","name":"Szko\u0142a Podstawowa w \u0141apszance","url":"https:\/\/splapszanka.lapszenizne.pl\/","logo":{"@type":"ImageObject","inLanguage":"pl-PL","@id":"https:\/\/splapszanka.lapszenizne.pl\/#\/schema\/logo\/image\/","url":"https:\/\/splapszanka.lapszenizne.pl\/wp-content\/uploads\/2020\/03\/cropped-75328783_1588584124617847_5132413514161324032_o.jpg","contentUrl":"https:\/\/splapszanka.lapszenizne.pl\/wp-content\/uploads\/2020\/03\/cropped-75328783_1588584124617847_5132413514161324032_o.jpg","width":1830,"height":1202,"caption":"Szko\u0142a Podstawowa w \u0141apszance"},"image":{"@id":"https:\/\/splapszanka.lapszenizne.pl\/#\/schema\/logo\/image\/"}}]}},"_links":{"self":[{"href":"https:\/\/splapszanka.lapszenizne.pl\/index.php\/wp-json\/wp\/v2\/pages\/338","targetHints":{"allow":["GET"]}}],"collection":[{"href":"https:\/\/splapszanka.lapszenizne.pl\/index.php\/wp-json\/wp\/v2\/pages"}],"about":[{"href":"https:\/\/splapszanka.lapszenizne.pl\/index.php\/wp-json\/wp\/v2\/types\/page"}],"author":[{"embeddable":true,"href":"https:\/\/splapszanka.lapszenizne.pl\/index.php\/wp-json\/wp\/v2\/users\/2"}],"replies":[{"embeddable":true,"href":"https:\/\/splapszanka.lapszenizne.pl\/index.php\/wp-json\/wp\/v2\/comments?post=338"}],"version-history":[{"count":17,"href":"https:\/\/splapszanka.lapszenizne.pl\/index.php\/wp-json\/wp\/v2\/pages\/338\/revisions"}],"predecessor-version":[{"id":2793,"href":"https:\/\/splapszanka.lapszenizne.pl\/index.php\/wp-json\/wp\/v2\/pages\/338\/revisions\/2793"}],"wp:attachment":[{"href":"https:\/\/splapszanka.lapszenizne.pl\/index.php\/wp-json\/wp\/v2\/media?parent=338"}],"curies":[{"name":"wp","href":"https:\/\/api.w.org\/{rel}","templated":true}]}}